{"id":35689,"date":"2021-12-20T21:10:18","date_gmt":"2021-12-20T19:10:18","guid":{"rendered":"https:\/\/fanshop.equusarea.com\/shop\/short-sleeve-unisex-t-shirt-y3211-1"},"modified":"2023-06-29T12:46:07","modified_gmt":"2023-06-29T10:46:07","slug":"short-sleeve-unisex-t-shirt-y3211-1","status":"publish","type":"product","link":"https:\/\/fanshop.equusarea.com\/es\/shop\/short-sleeve-unisex-t-shirt-y3211-1\/","title":{"rendered":"Camiseta unisex de manga corta"},"content":{"rendered":"<p>Esta camiseta es todo lo que has so\u00f1ado y m\u00e1s. Es suave y ligera, con la cantidad justa de elasticidad. Es c\u00f3moda y favorecedora para todos. <\/p>\n<p>- 100% algod\u00f3n peinado e hilado en anillos (los colores del brezo contienen poli\u00e9ster)<br \/>\n- El color ceniza es 99% de algod\u00f3n peinado e hilado en anillos, 1% de poli\u00e9ster<br \/>\n- Los colores del brezo son algod\u00f3n peinado e hilado en anillos 52%, poli\u00e9ster 48%<br \/>\n- Athletic y Black Heather son de algod\u00f3n peinado e hilado en anillos 90%, poli\u00e9ster 10%<br \/>\n- Los colores de Heather Prism son 99% de algod\u00f3n peinado e hilado en anillo, 1% de poli\u00e9ster<br \/>\n- Peso del tejido: 4,2 oz (142 g\/m2)<br \/>\n- Tejido preencogido<br \/>\n- Construcci\u00f3n con costuras laterales<br \/>\n- Cinta adhesiva de hombro a hombro<\/p>","protected":false},"excerpt":{"rendered":"<p>This t-shirt is everything you&#8217;ve dreamed of and more. It feels soft and lightweight, with the right amount of stretch. It&#8217;s comfortable and flattering for all. \u2022 100% combed and ring-spun cotton (Heather colors contain polyester) \u2022 Ash color is 99% combed and ring-spun cotton, 1% polyester \u2022 Heather colors are 52% combed and ring-spun [&hellip;]<\/p>\n","protected":false},"featured_media":35789,"comment_status":"open","ping_status":"closed","template":"","meta":[],"product_brand":[],"product_cat":[237],"product_tag":[321],"collection":[332,331],"class_list":{"0":"post-35689","1":"product","2":"type-product","3":"status-publish","4":"has-post-thumbnail","6":"product_cat-mens-clothing","7":"product_tag-short-sleeve-unisex-t-shirt","8":"collection-animal-print","9":"collection-equestrian-soul","11":"first","12":"instock","13":"taxable","14":"shipping-taxable","15":"purchasable","16":"product-type-variable"},"_links":{"self":[{"href":"https:\/\/fanshop.equusarea.com\/es\/wp-json\/wp\/v2\/product\/35689","targetHints":{"allow":["GET"]}}],"collection":[{"href":"https:\/\/fanshop.equusarea.com\/es\/wp-json\/wp\/v2\/product"}],"about":[{"href":"https:\/\/fanshop.equusarea.com\/es\/wp-json\/wp\/v2\/types\/product"}],"replies":[{"embeddable":true,"href":"https:\/\/fanshop.equusarea.com\/es\/wp-json\/wp\/v2\/comments?post=35689"}],"wp:featuredmedia":[{"embeddable":true,"href":"https:\/\/fanshop.equusarea.com\/es\/wp-json\/wp\/v2\/media\/35789"}],"wp:attachment":[{"href":"https:\/\/fanshop.equusarea.com\/es\/wp-json\/wp\/v2\/media?parent=35689"}],"wp:term":[{"taxonomy":"product_brand","embeddable":true,"href":"https:\/\/fanshop.equusarea.com\/es\/wp-json\/wp\/v2\/product_brand?post=35689"},{"taxonomy":"product_cat","embeddable":true,"href":"https:\/\/fanshop.equusarea.com\/es\/wp-json\/wp\/v2\/product_cat?post=35689"},{"taxonomy":"product_tag","embeddable":true,"href":"https:\/\/fanshop.equusarea.com\/es\/wp-json\/wp\/v2\/product_tag?post=35689"},{"taxonomy":"collection","embeddable":true,"href":"https:\/\/fanshop.equusarea.com\/es\/wp-json\/wp\/v2\/collection?post=35689"}],"curies":[{"name":"wp","href":"https:\/\/api.w.org\/{rel}","templated":true}]}}