{"id":35624,"date":"2021-12-16T13:53:30","date_gmt":"2021-12-16T11:53:30","guid":{"rendered":"https:\/\/fanshop.equusarea.com\/shop\/unisex-hoodie"},"modified":"2021-12-21T15:53:25","modified_gmt":"2021-12-21T13:53:25","slug":"unisex-hoodie-y3213-3","status":"publish","type":"product","link":"https:\/\/fanshop.equusarea.com\/es\/shop\/unisex-hoodie-y3213-3\/","title":{"rendered":"Sudadera con capucha unisex"},"content":{"rendered":"<p>Qui\u00e9n iba a decir que la sudadera con capucha m\u00e1s suave que jam\u00e1s hayas tenido ven\u00eda con un dise\u00f1o tan genial. No te arrepentir\u00e1s de haber comprado esta prenda cl\u00e1sica de streetwear con un pr\u00e1ctico bolsillo y una c\u00e1lida capucha para las noches de fr\u00edo.<\/p>\n<p>- 100% cara de algod\u00f3n<br \/>\n- 65% algod\u00f3n hilado en anillo, 35% poli\u00e9ster<br \/>\n- Bolsillo frontal<br \/>\n- Parche de tejido propio en la espalda<br \/>\n- Cordones planos a juego<br \/>\n- Capucha de 3 paneles<\/p>","protected":false},"excerpt":{"rendered":"<p>Who knew that the softest hoodie you&#8217;ll ever own comes with such a cool design. You won&#8217;t regret buying this classic streetwear piece of apparel with a convenient pouch pocket and warm hood for chilly evenings. \u2022 100% cotton face \u2022 65% ring-spun cotton, 35% polyester \u2022 Front pouch pocket \u2022 Self-fabric patch on the [&hellip;]<\/p>\n","protected":false},"featured_media":35632,"comment_status":"open","ping_status":"closed","template":"","meta":[],"product_brand":[],"product_cat":[237,238],"product_tag":[302],"collection":[331,335],"class_list":{"0":"post-35624","1":"product","2":"type-product","3":"status-publish","4":"has-post-thumbnail","6":"product_cat-mens-clothing","7":"product_cat-womens-clothing","8":"product_tag-unisex-hoodie","9":"collection-equestrian-soul","10":"collection-equus-area","12":"first","13":"instock","14":"taxable","15":"shipping-taxable","16":"purchasable","17":"product-type-variable"},"_links":{"self":[{"href":"https:\/\/fanshop.equusarea.com\/es\/wp-json\/wp\/v2\/product\/35624","targetHints":{"allow":["GET"]}}],"collection":[{"href":"https:\/\/fanshop.equusarea.com\/es\/wp-json\/wp\/v2\/product"}],"about":[{"href":"https:\/\/fanshop.equusarea.com\/es\/wp-json\/wp\/v2\/types\/product"}],"replies":[{"embeddable":true,"href":"https:\/\/fanshop.equusarea.com\/es\/wp-json\/wp\/v2\/comments?post=35624"}],"wp:featuredmedia":[{"embeddable":true,"href":"https:\/\/fanshop.equusarea.com\/es\/wp-json\/wp\/v2\/media\/35632"}],"wp:attachment":[{"href":"https:\/\/fanshop.equusarea.com\/es\/wp-json\/wp\/v2\/media?parent=35624"}],"wp:term":[{"taxonomy":"product_brand","embeddable":true,"href":"https:\/\/fanshop.equusarea.com\/es\/wp-json\/wp\/v2\/product_brand?post=35624"},{"taxonomy":"product_cat","embeddable":true,"href":"https:\/\/fanshop.equusarea.com\/es\/wp-json\/wp\/v2\/product_cat?post=35624"},{"taxonomy":"product_tag","embeddable":true,"href":"https:\/\/fanshop.equusarea.com\/es\/wp-json\/wp\/v2\/product_tag?post=35624"},{"taxonomy":"collection","embeddable":true,"href":"https:\/\/fanshop.equusarea.com\/es\/wp-json\/wp\/v2\/collection?post=35624"}],"curies":[{"name":"wp","href":"https:\/\/api.w.org\/{rel}","templated":true}]}}