{"id":35596,"date":"2021-12-16T13:51:07","date_gmt":"2021-12-16T11:51:07","guid":{"rendered":"https:\/\/fanshop.equusarea.com\/shop\/yoga-leggings"},"modified":"2021-12-20T20:59:11","modified_gmt":"2021-12-20T18:59:11","slug":"yoga-leggings-y3214-2","status":"publish","type":"product","link":"https:\/\/fanshop.equusarea.com\/es\/shop\/yoga-leggings-y3214-2\/","title":{"rendered":"Mallas de yoga"},"content":{"rendered":"<p>Super soft, stretchy, and comfortable yoga leggings. Order these to make sure your next yoga session is the best one ever!<\/p>\n<p>- 82% poli\u00e9ster, 18% spandex<br \/>\n\u2022 Four-way stretch, which means fabric stretches and recovers on the cross and lengthwise grains.<br \/>\n- Fabricado con un hilo de microfibra suave y confortable<br \/>\n\u2022 Raised waistband <br \/>\n- Cortado con precisi\u00f3n y cosido a mano despu\u00e9s de la impresi\u00f3n<\/p>","protected":false},"excerpt":{"rendered":"<p>Super soft, stretchy, and comfortable yoga leggings. Order these to make sure your next yoga session is the best one ever! \u2022 82% polyester, 18% spandex \u2022 Four-way stretch, which means fabric stretches and recovers on the cross and lengthwise grains. \u2022 Made with a smooth, comfortable microfiber yarn \u2022 Raised waistband \u2022 Precision-cut and [&hellip;]<\/p>\n","protected":false},"featured_media":35604,"comment_status":"open","ping_status":"closed","template":"","meta":[],"product_brand":[],"product_cat":[238],"product_tag":[319],"collection":[332,331],"class_list":{"0":"post-35596","1":"product","2":"type-product","3":"status-publish","4":"has-post-thumbnail","6":"product_cat-womens-clothing","7":"product_tag-yoga-leggings","8":"collection-animal-print","9":"collection-equestrian-soul","11":"first","12":"instock","13":"taxable","14":"shipping-taxable","15":"purchasable","16":"product-type-variable"},"_links":{"self":[{"href":"https:\/\/fanshop.equusarea.com\/es\/wp-json\/wp\/v2\/product\/35596","targetHints":{"allow":["GET"]}}],"collection":[{"href":"https:\/\/fanshop.equusarea.com\/es\/wp-json\/wp\/v2\/product"}],"about":[{"href":"https:\/\/fanshop.equusarea.com\/es\/wp-json\/wp\/v2\/types\/product"}],"replies":[{"embeddable":true,"href":"https:\/\/fanshop.equusarea.com\/es\/wp-json\/wp\/v2\/comments?post=35596"}],"wp:featuredmedia":[{"embeddable":true,"href":"https:\/\/fanshop.equusarea.com\/es\/wp-json\/wp\/v2\/media\/35604"}],"wp:attachment":[{"href":"https:\/\/fanshop.equusarea.com\/es\/wp-json\/wp\/v2\/media?parent=35596"}],"wp:term":[{"taxonomy":"product_brand","embeddable":true,"href":"https:\/\/fanshop.equusarea.com\/es\/wp-json\/wp\/v2\/product_brand?post=35596"},{"taxonomy":"product_cat","embeddable":true,"href":"https:\/\/fanshop.equusarea.com\/es\/wp-json\/wp\/v2\/product_cat?post=35596"},{"taxonomy":"product_tag","embeddable":true,"href":"https:\/\/fanshop.equusarea.com\/es\/wp-json\/wp\/v2\/product_tag?post=35596"},{"taxonomy":"collection","embeddable":true,"href":"https:\/\/fanshop.equusarea.com\/es\/wp-json\/wp\/v2\/collection?post=35596"}],"curies":[{"name":"wp","href":"https:\/\/api.w.org\/{rel}","templated":true}]}}