{"id":34746,"date":"2021-11-29T22:11:31","date_gmt":"2021-11-29T20:11:31","guid":{"rendered":"https:\/\/fanshop.equusarea.com\/shop\/kids-crew-neck-t-shirt-x42130-7-2"},"modified":"2021-12-14T20:33:34","modified_gmt":"2021-12-14T18:33:34","slug":"kids-crew-neck-t-shirt-x42130-7","status":"publish","type":"product","link":"https:\/\/fanshop.equusarea.com\/es\/shop\/kids-crew-neck-t-shirt-x42130-7\/","title":{"rendered":"Camiseta de cuello redondo para ni\u00f1os"},"content":{"rendered":"<p>Consigue una camiseta para tus hijos que tenga un dise\u00f1o colorido y atractivo, y un ajuste que permita a los ni\u00f1os participar en todas sus actividades favoritas y estar c\u00f3modos todo el tiempo. Lo \u00faltimo en camisetas para ni\u00f1os.<\/p>\n<p>- 95% de poli\u00e9ster, 5% de elastano (la composici\u00f3n del tejido puede variar por 1%)<br \/>\n- Peso del tejido: 6,19 oz\/yd\u00b2 (210 g\/m\u00b2), el peso puede variar por 5%<br \/>\n- Jersey de punto de peso medio de primera calidad<br \/>\n- Tejido el\u00e1stico en cuatro direcciones que se estira y recupera en los granos transversales y longitudinales<br \/>\n- Ajuste regular<br \/>\n- Cuello redondo<br \/>\n- Componentes de productos en blanco en EE.UU. y M\u00e9xico procedentes de EE.UU.<br \/>\n- Componentes de productos en blanco en la UE procedentes de Lituania<\/p>","protected":false},"excerpt":{"rendered":"<p>Consigue una camiseta para tus hijos que tenga un dise\u00f1o colorido y atractivo, y un ajuste que permita a los ni\u00f1os participar en todas sus actividades favoritas y estar c\u00f3modos todo el tiempo. Lo \u00faltimo en camisetas para ni\u00f1os.<\/p>\n<p>- 95% de poli\u00e9ster, 5% de elastano (la composici\u00f3n del tejido puede variar por 1%)<br \/>\n- Peso del tejido: 6,19 oz\/yd\u00b2 (210 g\/m\u00b2), el peso puede variar por 5%<br \/>\n- Jersey de punto de peso medio de primera calidad<br \/>\n- Tejido el\u00e1stico en cuatro direcciones que se estira y recupera en los granos transversales y longitudinales<br \/>\n- Ajuste regular<br \/>\n- Cuello redondo<br \/>\n- Componentes de productos en blanco en EE.UU. y M\u00e9xico procedentes de EE.UU.<br \/>\n- Componentes de productos en blanco en la UE procedentes de Lituania<\/p>","protected":false},"featured_media":34756,"comment_status":"open","ping_status":"closed","template":"","meta":[],"product_brand":[],"product_cat":[239],"product_tag":[286],"collection":[338,337],"class_list":{"0":"post-34746","1":"product","2":"type-product","3":"status-publish","4":"has-post-thumbnail","6":"product_cat-childrens-and-teenage-clothes","7":"product_tag-kids-crew-neck-t-shirt","8":"collection-divinity","9":"collection-equestrian-family","11":"first","12":"instock","13":"taxable","14":"shipping-taxable","15":"purchasable","16":"product-type-variable"},"_links":{"self":[{"href":"https:\/\/fanshop.equusarea.com\/es\/wp-json\/wp\/v2\/product\/34746","targetHints":{"allow":["GET"]}}],"collection":[{"href":"https:\/\/fanshop.equusarea.com\/es\/wp-json\/wp\/v2\/product"}],"about":[{"href":"https:\/\/fanshop.equusarea.com\/es\/wp-json\/wp\/v2\/types\/product"}],"replies":[{"embeddable":true,"href":"https:\/\/fanshop.equusarea.com\/es\/wp-json\/wp\/v2\/comments?post=34746"}],"wp:featuredmedia":[{"embeddable":true,"href":"https:\/\/fanshop.equusarea.com\/es\/wp-json\/wp\/v2\/media\/34756"}],"wp:attachment":[{"href":"https:\/\/fanshop.equusarea.com\/es\/wp-json\/wp\/v2\/media?parent=34746"}],"wp:term":[{"taxonomy":"product_brand","embeddable":true,"href":"https:\/\/fanshop.equusarea.com\/es\/wp-json\/wp\/v2\/product_brand?post=34746"},{"taxonomy":"product_cat","embeddable":true,"href":"https:\/\/fanshop.equusarea.com\/es\/wp-json\/wp\/v2\/product_cat?post=34746"},{"taxonomy":"product_tag","embeddable":true,"href":"https:\/\/fanshop.equusarea.com\/es\/wp-json\/wp\/v2\/product_tag?post=34746"},{"taxonomy":"collection","embeddable":true,"href":"https:\/\/fanshop.equusarea.com\/es\/wp-json\/wp\/v2\/collection?post=34746"}],"curies":[{"name":"wp","href":"https:\/\/api.w.org\/{rel}","templated":true}]}}