{"id":34363,"date":"2021-11-29T21:35:16","date_gmt":"2021-11-29T19:35:16","guid":{"rendered":"https:\/\/fanshop.equusarea.com\/shop\/kids-rash-guard-x42144-2"},"modified":"2021-11-30T10:13:47","modified_gmt":"2021-11-30T08:13:47","slug":"kids-rash-guard-x42144-2","status":"publish","type":"product","link":"https:\/\/fanshop.equusarea.com\/es\/shop\/kids-rash-guard-x42144-2\/","title":{"rendered":"Rash Guard para ni\u00f1os"},"content":{"rendered":"<p>Protege a los m\u00e1s peque\u00f1os de los elementos con esta colorida lycra para ni\u00f1os. Su tejido de protecci\u00f3n solar y su cuerpo y mangas largos la hacen perfecta para correr por la playa o simplemente para estar activos en el interior.<\/p>\n<p>- 82% poli\u00e9ster, 18% spandex<br \/>\n- Peso del tejido: 6,78 oz\/yd\u00b2 (230 g\/m\u00b2), el peso puede variar por 5%<br \/>\n- 38-40 UPF<br \/>\n- Dise\u00f1o ajustado<br \/>\n- Tejido el\u00e1stico en cuatro direcciones que se estira y recupera en los granos transversales y longitudinales<br \/>\n- C\u00f3modo cuerpo y mangas m\u00e1s largas<br \/>\n- Costura plana y puntada de cobertura<br \/>\n- Componentes de productos en blanco procedentes de China<\/p>","protected":false},"excerpt":{"rendered":"<p>Protege a los m\u00e1s peque\u00f1os de los elementos con esta colorida lycra para ni\u00f1os. Su tejido de protecci\u00f3n solar y su cuerpo y mangas largos la hacen perfecta para correr por la playa o simplemente para estar activos en el interior.<\/p>\n<p>- 82% poli\u00e9ster, 18% spandex<br \/>\n- Peso del tejido: 6,78 oz\/yd\u00b2 (230 g\/m\u00b2), el peso puede variar por 5%<br \/>\n- 38-40 UPF<br \/>\n- Dise\u00f1o ajustado<br \/>\n- Tejido el\u00e1stico en cuatro direcciones que se estira y recupera en los granos transversales y longitudinales<br \/>\n- C\u00f3modo cuerpo y mangas m\u00e1s largas<br \/>\n- Costura plana y puntada de cobertura<br \/>\n- Componentes de productos en blanco procedentes de China<\/p>","protected":false},"featured_media":34373,"comment_status":"open","ping_status":"closed","template":"","meta":[],"product_brand":[],"product_cat":[239],"product_tag":[291],"collection":[341,337],"class_list":{"0":"post-34363","1":"product","2":"type-product","3":"status-publish","4":"has-post-thumbnail","6":"product_cat-childrens-and-teenage-clothes","7":"product_tag-kids-rash-guard","8":"collection-blackie-brownie","9":"collection-equestrian-family","11":"first","12":"instock","13":"taxable","14":"shipping-taxable","15":"purchasable","16":"product-type-variable"},"_links":{"self":[{"href":"https:\/\/fanshop.equusarea.com\/es\/wp-json\/wp\/v2\/product\/34363","targetHints":{"allow":["GET"]}}],"collection":[{"href":"https:\/\/fanshop.equusarea.com\/es\/wp-json\/wp\/v2\/product"}],"about":[{"href":"https:\/\/fanshop.equusarea.com\/es\/wp-json\/wp\/v2\/types\/product"}],"replies":[{"embeddable":true,"href":"https:\/\/fanshop.equusarea.com\/es\/wp-json\/wp\/v2\/comments?post=34363"}],"wp:featuredmedia":[{"embeddable":true,"href":"https:\/\/fanshop.equusarea.com\/es\/wp-json\/wp\/v2\/media\/34373"}],"wp:attachment":[{"href":"https:\/\/fanshop.equusarea.com\/es\/wp-json\/wp\/v2\/media?parent=34363"}],"wp:term":[{"taxonomy":"product_brand","embeddable":true,"href":"https:\/\/fanshop.equusarea.com\/es\/wp-json\/wp\/v2\/product_brand?post=34363"},{"taxonomy":"product_cat","embeddable":true,"href":"https:\/\/fanshop.equusarea.com\/es\/wp-json\/wp\/v2\/product_cat?post=34363"},{"taxonomy":"product_tag","embeddable":true,"href":"https:\/\/fanshop.equusarea.com\/es\/wp-json\/wp\/v2\/product_tag?post=34363"},{"taxonomy":"collection","embeddable":true,"href":"https:\/\/fanshop.equusarea.com\/es\/wp-json\/wp\/v2\/collection?post=34363"}],"curies":[{"name":"wp","href":"https:\/\/api.w.org\/{rel}","templated":true}]}}