{"id":34182,"date":"2021-11-29T21:25:27","date_gmt":"2021-11-29T19:25:27","guid":{"rendered":"https:\/\/fanshop.equusarea.com\/shop\/3-4-sleeve-raglan-shirt-x42142-8"},"modified":"2026-03-02T00:01:29","modified_gmt":"2026-03-01T22:01:29","slug":"3-4-sleeve-raglan-shirt-x42142-8","status":"publish","type":"product","link":"https:\/\/fanshop.equusarea.com\/es\/shop\/3-4-sleeve-raglan-shirt-x42142-8\/","title":{"rendered":"Camiseta de manga 3\/4 ragl\u00e1n"},"content":{"rendered":"<p>Una vuelta de tuerca al cl\u00e1sico ragl\u00e1n de b\u00e9isbol. La mezcla de algod\u00f3n peinado lo hace s\u00faper suave, c\u00f3modo y ligero.<\/p>\n<p>- Todos los colores s\u00f3lidos son de algod\u00f3n hilado en anillo 100%<br \/>\n- El color gris jaspeado es algod\u00f3n 90%, poli\u00e9ster 10%<br \/>\n- El color Heather Denim es algod\u00f3n 50%, poli\u00e9ster 50%<br \/>\n- Peso del tejido: 4,5 oz\/yd\u00b2 (152,6 g\/m\u00b2)<br \/>\n- Jersey de punto fino<br \/>\n- 30 solteros<br \/>\n- Mangas \u00be<br \/>\n- Manga ragl\u00e1n en contraste<br \/>\n- Te\u00f1ido reactivo para un color m\u00e1s duradero<br \/>\n- Prelavado para minimizar el encogimiento<br \/>\n- Arrancar la etiqueta<br \/>\n- Producto en blanco procedente de M\u00e9xico<\/p>","protected":false},"excerpt":{"rendered":"<p>Una vuelta de tuerca al cl\u00e1sico ragl\u00e1n de b\u00e9isbol. La mezcla de algod\u00f3n peinado lo hace s\u00faper suave, c\u00f3modo y ligero.<\/p>\n<p>- Todos los colores s\u00f3lidos son de algod\u00f3n hilado en anillo 100%<br \/>\n- El color gris jaspeado es algod\u00f3n 90%, poli\u00e9ster 10%<br \/>\n- El color Heather Denim es algod\u00f3n 50%, poli\u00e9ster 50%<br \/>\n- Peso del tejido: 4,5 oz\/yd\u00b2 (152,6 g\/m\u00b2)<br \/>\n- Jersey de punto fino<br \/>\n- 30 solteros<br \/>\n- Mangas \u00be<br \/>\n- Manga ragl\u00e1n en contraste<br \/>\n- Te\u00f1ido reactivo para un color m\u00e1s duradero<br \/>\n- Prelavado para minimizar el encogimiento<br \/>\n- Arrancar la etiqueta<br \/>\n- Producto en blanco procedente de M\u00e9xico<\/p>","protected":false},"featured_media":34240,"comment_status":"open","ping_status":"closed","template":"","meta":[],"product_brand":[],"product_cat":[237],"product_tag":[293],"collection":[341,337],"class_list":{"0":"post-34182","1":"product","2":"type-product","3":"status-publish","4":"has-post-thumbnail","6":"product_cat-mens-clothing","7":"product_tag-3-4-sleeve-raglan-shirt","8":"collection-blackie-brownie","9":"collection-equestrian-family","11":"first","12":"instock","13":"taxable","14":"shipping-taxable","15":"purchasable","16":"product-type-variable"},"_links":{"self":[{"href":"https:\/\/fanshop.equusarea.com\/es\/wp-json\/wp\/v2\/product\/34182","targetHints":{"allow":["GET"]}}],"collection":[{"href":"https:\/\/fanshop.equusarea.com\/es\/wp-json\/wp\/v2\/product"}],"about":[{"href":"https:\/\/fanshop.equusarea.com\/es\/wp-json\/wp\/v2\/types\/product"}],"replies":[{"embeddable":true,"href":"https:\/\/fanshop.equusarea.com\/es\/wp-json\/wp\/v2\/comments?post=34182"}],"wp:featuredmedia":[{"embeddable":true,"href":"https:\/\/fanshop.equusarea.com\/es\/wp-json\/wp\/v2\/media\/34240"}],"wp:attachment":[{"href":"https:\/\/fanshop.equusarea.com\/es\/wp-json\/wp\/v2\/media?parent=34182"}],"wp:term":[{"taxonomy":"product_brand","embeddable":true,"href":"https:\/\/fanshop.equusarea.com\/es\/wp-json\/wp\/v2\/product_brand?post=34182"},{"taxonomy":"product_cat","embeddable":true,"href":"https:\/\/fanshop.equusarea.com\/es\/wp-json\/wp\/v2\/product_cat?post=34182"},{"taxonomy":"product_tag","embeddable":true,"href":"https:\/\/fanshop.equusarea.com\/es\/wp-json\/wp\/v2\/product_tag?post=34182"},{"taxonomy":"collection","embeddable":true,"href":"https:\/\/fanshop.equusarea.com\/es\/wp-json\/wp\/v2\/collection?post=34182"}],"curies":[{"name":"wp","href":"https:\/\/api.w.org\/{rel}","templated":true}]}}