{"id":33615,"date":"2021-11-29T20:49:37","date_gmt":"2021-11-29T18:49:37","guid":{"rendered":"https:\/\/fanshop.equusarea.com\/shop\/throw-blanket-y42139-6"},"modified":"2021-11-30T10:14:44","modified_gmt":"2021-11-30T08:14:44","slug":"throw-blanket-y42139-6","status":"publish","type":"product","link":"https:\/\/fanshop.equusarea.com\/es\/shop\/throw-blanket-y42139-6\/","title":{"rendered":"Manta de tirantes"},"content":{"rendered":"<p>\u00bfSiente que a su casa le falta un elemento de dise\u00f1o llamativo y a la vez pr\u00e1ctico? Resuelva este problema con una suave manta de tacto de seda, ideal para descansar en el sof\u00e1 durante las noches de fr\u00edo.<\/p>\n<p>- 100% poli\u00e9ster<br \/>\n- Tama\u00f1o de la manta: 50\u2033 \u00d7 60\u2033 (127 \u00d7 153 cm)<br \/>\n- Tejido de suave tacto de seda<br \/>\n- Impresi\u00f3n en una cara<br \/>\n- Reverso blanco<br \/>\n- Lavable a m\u00e1quina<br \/>\n- Hipoalerg\u00e9nico<br \/>\n- Retardante de la llama<br \/>\n- Producto en blanco procedente de China<\/p>","protected":false},"excerpt":{"rendered":"<p>\u00bfSiente que a su casa le falta un elemento de dise\u00f1o llamativo y a la vez pr\u00e1ctico? Resuelva este problema con una suave manta de tacto de seda, ideal para descansar en el sof\u00e1 durante las noches de fr\u00edo.<\/p>\n<p>- 100% poli\u00e9ster<br \/>\n- Tama\u00f1o de la manta: 50\u2033 \u00d7 60\u2033 (127 \u00d7 153 cm)<br \/>\n- Tejido de suave tacto de seda<br \/>\n- Impresi\u00f3n en una cara<br \/>\n- Reverso blanco<br \/>\n- Lavable a m\u00e1quina<br \/>\n- Hipoalerg\u00e9nico<br \/>\n- Retardante de la llama<br \/>\n- Producto en blanco procedente de China<\/p>","protected":false},"featured_media":33616,"comment_status":"open","ping_status":"closed","template":"","meta":[],"product_brand":[],"product_cat":[240],"product_tag":[296],"collection":[331,335],"class_list":{"0":"post-33615","1":"product","2":"type-product","3":"status-publish","4":"has-post-thumbnail","6":"product_cat-accessories","7":"product_tag-throw-blanket","8":"collection-equestrian-soul","9":"collection-equus-area","11":"first","12":"instock","13":"taxable","14":"shipping-taxable","15":"purchasable","16":"product-type-simple"},"_links":{"self":[{"href":"https:\/\/fanshop.equusarea.com\/es\/wp-json\/wp\/v2\/product\/33615","targetHints":{"allow":["GET"]}}],"collection":[{"href":"https:\/\/fanshop.equusarea.com\/es\/wp-json\/wp\/v2\/product"}],"about":[{"href":"https:\/\/fanshop.equusarea.com\/es\/wp-json\/wp\/v2\/types\/product"}],"replies":[{"embeddable":true,"href":"https:\/\/fanshop.equusarea.com\/es\/wp-json\/wp\/v2\/comments?post=33615"}],"wp:featuredmedia":[{"embeddable":true,"href":"https:\/\/fanshop.equusarea.com\/es\/wp-json\/wp\/v2\/media\/33616"}],"wp:attachment":[{"href":"https:\/\/fanshop.equusarea.com\/es\/wp-json\/wp\/v2\/media?parent=33615"}],"wp:term":[{"taxonomy":"product_brand","embeddable":true,"href":"https:\/\/fanshop.equusarea.com\/es\/wp-json\/wp\/v2\/product_brand?post=33615"},{"taxonomy":"product_cat","embeddable":true,"href":"https:\/\/fanshop.equusarea.com\/es\/wp-json\/wp\/v2\/product_cat?post=33615"},{"taxonomy":"product_tag","embeddable":true,"href":"https:\/\/fanshop.equusarea.com\/es\/wp-json\/wp\/v2\/product_tag?post=33615"},{"taxonomy":"collection","embeddable":true,"href":"https:\/\/fanshop.equusarea.com\/es\/wp-json\/wp\/v2\/collection?post=33615"}],"curies":[{"name":"wp","href":"https:\/\/api.w.org\/{rel}","templated":true}]}}