{"id":33532,"date":"2021-11-29T20:20:19","date_gmt":"2021-11-29T18:20:19","guid":{"rendered":"https:\/\/fanshop.equusarea.com\/shop\/youth-crew-neck-t-shirt-y42137-1"},"modified":"2021-12-14T20:39:21","modified_gmt":"2021-12-14T18:39:21","slug":"youth-crew-neck-t-shirt-y42137-1","status":"publish","type":"product","link":"https:\/\/fanshop.equusarea.com\/es\/shop\/youth-crew-neck-t-shirt-y42137-1\/","title":{"rendered":"Camiseta juvenil de cuello redondo"},"content":{"rendered":"<p>Consigue una camiseta que le encantar\u00e1 a tu hijo. Esta camiseta es una pieza de color que est\u00e1 hecha de un tejido suave y tiene un dise\u00f1o llamativo que no se desvanece.<\/p>\n<p>- 95% de poli\u00e9ster, 5% de elastano (la composici\u00f3n del tejido puede variar por 1%)<br \/>\n- Peso del tejido: 6,19 oz\/yd\u00b2 (210g\/m\u00b2), el peso puede variar por 5%<br \/>\n- Jersey de punto de peso medio de primera calidad<br \/>\n- Tejido el\u00e1stico en cuatro direcciones que se estira y recupera en los granos transversales y longitudinales<br \/>\n- Ajuste regular<br \/>\n- Componentes de productos en blanco en EE.UU. y M\u00e9xico procedentes de EE.UU.<br \/>\n- Componentes de productos en blanco en la UE procedentes de Lituania<\/p>","protected":false},"excerpt":{"rendered":"<p>Consigue una camiseta que le encantar\u00e1 a tu hijo. Esta camiseta es una pieza de color que est\u00e1 hecha de un tejido suave y tiene un dise\u00f1o llamativo que no se desvanece.<\/p>\n<p>- 95% de poli\u00e9ster, 5% de elastano (la composici\u00f3n del tejido puede variar por 1%)<br \/>\n- Peso del tejido: 6,19 oz\/yd\u00b2 (210g\/m\u00b2), el peso puede variar por 5%<br \/>\n- Jersey de punto de peso medio de primera calidad<br \/>\n- Tejido el\u00e1stico en cuatro direcciones que se estira y recupera en los granos transversales y longitudinales<br \/>\n- Ajuste regular<br \/>\n- Componentes de productos en blanco en EE.UU. y M\u00e9xico procedentes de EE.UU.<br \/>\n- Componentes de productos en blanco en la UE procedentes de Lituania<\/p>","protected":false},"featured_media":33542,"comment_status":"open","ping_status":"closed","template":"","meta":[],"product_brand":[],"product_cat":[239],"product_tag":[297],"collection":[331,335],"class_list":{"0":"post-33532","1":"product","2":"type-product","3":"status-publish","4":"has-post-thumbnail","6":"product_cat-childrens-and-teenage-clothes","7":"product_tag-youth-crew-neck-t-shirt","8":"collection-equestrian-soul","9":"collection-equus-area","11":"first","12":"instock","13":"featured","14":"taxable","15":"shipping-taxable","16":"purchasable","17":"product-type-variable"},"_links":{"self":[{"href":"https:\/\/fanshop.equusarea.com\/es\/wp-json\/wp\/v2\/product\/33532","targetHints":{"allow":["GET"]}}],"collection":[{"href":"https:\/\/fanshop.equusarea.com\/es\/wp-json\/wp\/v2\/product"}],"about":[{"href":"https:\/\/fanshop.equusarea.com\/es\/wp-json\/wp\/v2\/types\/product"}],"replies":[{"embeddable":true,"href":"https:\/\/fanshop.equusarea.com\/es\/wp-json\/wp\/v2\/comments?post=33532"}],"wp:featuredmedia":[{"embeddable":true,"href":"https:\/\/fanshop.equusarea.com\/es\/wp-json\/wp\/v2\/media\/33542"}],"wp:attachment":[{"href":"https:\/\/fanshop.equusarea.com\/es\/wp-json\/wp\/v2\/media?parent=33532"}],"wp:term":[{"taxonomy":"product_brand","embeddable":true,"href":"https:\/\/fanshop.equusarea.com\/es\/wp-json\/wp\/v2\/product_brand?post=33532"},{"taxonomy":"product_cat","embeddable":true,"href":"https:\/\/fanshop.equusarea.com\/es\/wp-json\/wp\/v2\/product_cat?post=33532"},{"taxonomy":"product_tag","embeddable":true,"href":"https:\/\/fanshop.equusarea.com\/es\/wp-json\/wp\/v2\/product_tag?post=33532"},{"taxonomy":"collection","embeddable":true,"href":"https:\/\/fanshop.equusarea.com\/es\/wp-json\/wp\/v2\/collection?post=33532"}],"curies":[{"name":"wp","href":"https:\/\/api.w.org\/{rel}","templated":true}]}}