{"id":33487,"date":"2021-11-29T20:15:38","date_gmt":"2021-11-29T18:15:38","guid":{"rendered":"https:\/\/fanshop.equusarea.com\/shop\/unisex-bomber-jacket-y42135-1"},"modified":"2021-12-10T15:33:11","modified_gmt":"2021-12-10T13:33:11","slug":"unisex-bomber-jacket-y42135-1","status":"publish","type":"product","link":"https:\/\/fanshop.equusarea.com\/es\/shop\/unisex-bomber-jacket-y42135-1\/","title":{"rendered":"Chaqueta bomber unisex"},"content":{"rendered":"<p>A\u00f1ade un poco de chispa a tu vestuario con esta vibrante chaqueta bomber con estampado integral. Ll\u00e9vala sobre una camiseta b\u00e1sica o sobre una sudadera con capucha: quedar\u00e1 muy bien de cualquier manera. Con un forro polar cepillado en el interior y un ajuste unisex relajado, esta chaqueta bomber es el material de los sue\u00f1os, as\u00ed que no tardes en hacerte con una.<\/p>\n<p>- 100% poli\u00e9ster<br \/>\n- Peso del tejido: 6,49 oz\/yd\u00b2 (220 g\/m\u00b2), el peso puede variar por 5%<br \/>\n- Tejido polar cepillado en el interior<br \/>\n- Ajuste unisex<br \/>\n- Costuras Overlock<br \/>\n- Cinta de cuello resistente<br \/>\n- Cremallera YKK plateada<br \/>\n- 2 bolsillos de tejido propio<br \/>\n- Componentes de productos en blanco procedentes de Estados Unidos y China<\/p>","protected":false},"excerpt":{"rendered":"<p>A\u00f1ade un poco de chispa a tu vestuario con esta vibrante chaqueta bomber con estampado integral. Ll\u00e9vala sobre una camiseta b\u00e1sica o sobre una sudadera con capucha: quedar\u00e1 muy bien de cualquier manera. Con un forro polar cepillado en el interior y un ajuste unisex relajado, esta chaqueta bomber es el material de los sue\u00f1os, as\u00ed que no tardes en hacerte con una.<\/p>\n<p>- 100% poli\u00e9ster<br \/>\n- Peso del tejido: 6,49 oz\/yd\u00b2 (220 g\/m\u00b2), el peso puede variar por 5%<br \/>\n- Tejido polar cepillado en el interior<br \/>\n- Ajuste unisex<br \/>\n- Costuras Overlock<br \/>\n- Cinta de cuello resistente<br \/>\n- Cremallera YKK plateada<br \/>\n- 2 bolsillos de tejido propio<br \/>\n- Componentes de productos en blanco procedentes de Estados Unidos y China<\/p>","protected":false},"featured_media":33497,"comment_status":"open","ping_status":"closed","template":"","meta":[],"product_brand":[],"product_cat":[237,238],"product_tag":[287],"collection":[331,340],"class_list":{"0":"post-33487","1":"product","2":"type-product","3":"status-publish","4":"has-post-thumbnail","6":"product_cat-mens-clothing","7":"product_cat-womens-clothing","8":"product_tag-unisex-bomber-jacket","9":"collection-equestrian-soul","10":"collection-off-limits","12":"first","13":"instock","14":"taxable","15":"shipping-taxable","16":"purchasable","17":"product-type-variable"},"_links":{"self":[{"href":"https:\/\/fanshop.equusarea.com\/es\/wp-json\/wp\/v2\/product\/33487","targetHints":{"allow":["GET"]}}],"collection":[{"href":"https:\/\/fanshop.equusarea.com\/es\/wp-json\/wp\/v2\/product"}],"about":[{"href":"https:\/\/fanshop.equusarea.com\/es\/wp-json\/wp\/v2\/types\/product"}],"replies":[{"embeddable":true,"href":"https:\/\/fanshop.equusarea.com\/es\/wp-json\/wp\/v2\/comments?post=33487"}],"wp:featuredmedia":[{"embeddable":true,"href":"https:\/\/fanshop.equusarea.com\/es\/wp-json\/wp\/v2\/media\/33497"}],"wp:attachment":[{"href":"https:\/\/fanshop.equusarea.com\/es\/wp-json\/wp\/v2\/media?parent=33487"}],"wp:term":[{"taxonomy":"product_brand","embeddable":true,"href":"https:\/\/fanshop.equusarea.com\/es\/wp-json\/wp\/v2\/product_brand?post=33487"},{"taxonomy":"product_cat","embeddable":true,"href":"https:\/\/fanshop.equusarea.com\/es\/wp-json\/wp\/v2\/product_cat?post=33487"},{"taxonomy":"product_tag","embeddable":true,"href":"https:\/\/fanshop.equusarea.com\/es\/wp-json\/wp\/v2\/product_tag?post=33487"},{"taxonomy":"collection","embeddable":true,"href":"https:\/\/fanshop.equusarea.com\/es\/wp-json\/wp\/v2\/collection?post=33487"}],"curies":[{"name":"wp","href":"https:\/\/api.w.org\/{rel}","templated":true}]}}