{"id":33443,"date":"2021-11-29T18:56:46","date_gmt":"2021-11-29T16:56:46","guid":{"rendered":"https:\/\/fanshop.equusarea.com\/shop\/towel-y42134-5"},"modified":"2021-11-30T10:15:24","modified_gmt":"2021-11-30T08:15:24","slug":"towel-y42134-5","status":"publish","type":"product","link":"https:\/\/fanshop.equusarea.com\/es\/shop\/towel-y42134-5\/","title":{"rendered":"Toalla"},"content":{"rendered":"<p>Dale a tu ba\u00f1o un aspecto vibrante y envu\u00e9lvete con esta toalla de sublimaci\u00f3n s\u00faper suave y acogedora.<\/p>\n<p>- 52% algod\u00f3n, 48% poli\u00e9ster<br \/>\n- Peso del tejido: 10,6 oz\/y\u00b2 (360 g\/m\u00b2)<br \/>\n- Tama\u00f1o: 30\u2033 \u00d7 60\u2033 \u00d7 0,28\u2033 (76 \u00d7 152 \u00d7 0,7 cm)<br \/>\n- Impreso en una sola cara<br \/>\n- El lado no impreso est\u00e1 hecho de tejido de rizo, lo que hace que la toalla sea m\u00e1s absorbente del agua<br \/>\n- Producto en blanco procedente de China<\/p>","protected":false},"excerpt":{"rendered":"<p>Dale a tu ba\u00f1o un aspecto vibrante y envu\u00e9lvete con esta toalla de sublimaci\u00f3n s\u00faper suave y acogedora.<\/p>\n<p>- 52% algod\u00f3n, 48% poli\u00e9ster<br \/>\n- Peso del tejido: 10,6 oz\/y\u00b2 (360 g\/m\u00b2)<br \/>\n- Tama\u00f1o: 30\u2033 \u00d7 60\u2033 \u00d7 0,28\u2033 (76 \u00d7 152 \u00d7 0,7 cm)<br \/>\n- Impreso en una sola cara<br \/>\n- El lado no impreso est\u00e1 hecho de tejido de rizo, lo que hace que la toalla sea m\u00e1s absorbente del agua<br \/>\n- Producto en blanco procedente de China<\/p>","protected":false},"featured_media":33444,"comment_status":"open","ping_status":"closed","template":"","meta":[],"product_brand":[],"product_cat":[240],"product_tag":[298],"collection":[331,336],"class_list":{"0":"post-33443","1":"product","2":"type-product","3":"status-publish","4":"has-post-thumbnail","6":"product_cat-accessories","7":"product_tag-towel","8":"collection-equestrian-soul","9":"collection-soul-mates","11":"first","12":"instock","13":"taxable","14":"shipping-taxable","15":"purchasable","16":"product-type-simple"},"_links":{"self":[{"href":"https:\/\/fanshop.equusarea.com\/es\/wp-json\/wp\/v2\/product\/33443","targetHints":{"allow":["GET"]}}],"collection":[{"href":"https:\/\/fanshop.equusarea.com\/es\/wp-json\/wp\/v2\/product"}],"about":[{"href":"https:\/\/fanshop.equusarea.com\/es\/wp-json\/wp\/v2\/types\/product"}],"replies":[{"embeddable":true,"href":"https:\/\/fanshop.equusarea.com\/es\/wp-json\/wp\/v2\/comments?post=33443"}],"wp:featuredmedia":[{"embeddable":true,"href":"https:\/\/fanshop.equusarea.com\/es\/wp-json\/wp\/v2\/media\/33444"}],"wp:attachment":[{"href":"https:\/\/fanshop.equusarea.com\/es\/wp-json\/wp\/v2\/media?parent=33443"}],"wp:term":[{"taxonomy":"product_brand","embeddable":true,"href":"https:\/\/fanshop.equusarea.com\/es\/wp-json\/wp\/v2\/product_brand?post=33443"},{"taxonomy":"product_cat","embeddable":true,"href":"https:\/\/fanshop.equusarea.com\/es\/wp-json\/wp\/v2\/product_cat?post=33443"},{"taxonomy":"product_tag","embeddable":true,"href":"https:\/\/fanshop.equusarea.com\/es\/wp-json\/wp\/v2\/product_tag?post=33443"},{"taxonomy":"collection","embeddable":true,"href":"https:\/\/fanshop.equusarea.com\/es\/wp-json\/wp\/v2\/collection?post=33443"}],"curies":[{"name":"wp","href":"https:\/\/api.w.org\/{rel}","templated":true}]}}