{"id":33251,"date":"2021-11-29T16:41:00","date_gmt":"2021-11-29T14:41:00","guid":{"rendered":"https:\/\/fanshop.equusarea.com\/shop\/unisex-sweatshirt-x42133-2"},"modified":"2021-11-29T16:55:55","modified_gmt":"2021-11-29T14:55:55","slug":"unisex-sweatshirt-x42133-2","status":"publish","type":"product","link":"https:\/\/fanshop.equusarea.com\/es\/shop\/unisex-sweatshirt-x42133-2\/","title":{"rendered":"Sudadera unisex"},"content":{"rendered":"<p>Cada sudadera \u00fanica con estampado integral est\u00e1 cortada con precisi\u00f3n y cosida a mano para conseguir el mejor aspecto posible y resaltar el intrincado dise\u00f1o. Adem\u00e1s, el tejido duradero con una cara de algod\u00f3n y un suave vell\u00f3n cepillado en el interior hace que esta sudadera se convierta en tu favorita durante mucho tiempo.<\/p>\n<p>- 70% poli\u00e9ster, 27% algod\u00f3n, 3% elastano<br \/>\n- Peso del tejido: 8,85 oz\/yd\u00b2 (300 g\/m\u00b2), el peso puede variar por 2%<br \/>\n- Cara suave de algod\u00f3n<br \/>\n- Tejido polar cepillado en el interior<br \/>\n- Ajuste unisex<br \/>\n- Costuras Overlock<br \/>\n- Componentes de productos en blanco procedentes de Polonia<\/p>","protected":false},"excerpt":{"rendered":"<p>Cada sudadera \u00fanica con estampado integral est\u00e1 cortada con precisi\u00f3n y cosida a mano para conseguir el mejor aspecto posible y resaltar el intrincado dise\u00f1o. Adem\u00e1s, el tejido duradero con una cara de algod\u00f3n y un suave vell\u00f3n cepillado en el interior hace que esta sudadera se convierta en tu favorita durante mucho tiempo.<\/p>\n<p>- 70% poli\u00e9ster, 27% algod\u00f3n, 3% elastano<br \/>\n- Peso del tejido: 8,85 oz\/yd\u00b2 (300 g\/m\u00b2), el peso puede variar por 2%<br \/>\n- Cara suave de algod\u00f3n<br \/>\n- Tejido polar cepillado en el interior<br \/>\n- Ajuste unisex<br \/>\n- Costuras Overlock<br \/>\n- Componentes de productos en blanco procedentes de Polonia<\/p>","protected":false},"featured_media":33261,"comment_status":"open","ping_status":"closed","template":"","meta":[],"product_brand":[],"product_cat":[237],"product_tag":[299],"collection":[338,337],"class_list":{"0":"post-33251","1":"product","2":"type-product","3":"status-publish","4":"has-post-thumbnail","6":"product_cat-mens-clothing","7":"product_tag-unisex-sweatshirt","8":"collection-divinity","9":"collection-equestrian-family","11":"first","12":"instock","13":"taxable","14":"shipping-taxable","15":"purchasable","16":"product-type-variable"},"_links":{"self":[{"href":"https:\/\/fanshop.equusarea.com\/es\/wp-json\/wp\/v2\/product\/33251","targetHints":{"allow":["GET"]}}],"collection":[{"href":"https:\/\/fanshop.equusarea.com\/es\/wp-json\/wp\/v2\/product"}],"about":[{"href":"https:\/\/fanshop.equusarea.com\/es\/wp-json\/wp\/v2\/types\/product"}],"replies":[{"embeddable":true,"href":"https:\/\/fanshop.equusarea.com\/es\/wp-json\/wp\/v2\/comments?post=33251"}],"wp:featuredmedia":[{"embeddable":true,"href":"https:\/\/fanshop.equusarea.com\/es\/wp-json\/wp\/v2\/media\/33261"}],"wp:attachment":[{"href":"https:\/\/fanshop.equusarea.com\/es\/wp-json\/wp\/v2\/media?parent=33251"}],"wp:term":[{"taxonomy":"product_brand","embeddable":true,"href":"https:\/\/fanshop.equusarea.com\/es\/wp-json\/wp\/v2\/product_brand?post=33251"},{"taxonomy":"product_cat","embeddable":true,"href":"https:\/\/fanshop.equusarea.com\/es\/wp-json\/wp\/v2\/product_cat?post=33251"},{"taxonomy":"product_tag","embeddable":true,"href":"https:\/\/fanshop.equusarea.com\/es\/wp-json\/wp\/v2\/product_tag?post=33251"},{"taxonomy":"collection","embeddable":true,"href":"https:\/\/fanshop.equusarea.com\/es\/wp-json\/wp\/v2\/collection?post=33251"}],"curies":[{"name":"wp","href":"https:\/\/api.w.org\/{rel}","templated":true}]}}