{"id":33052,"date":"2021-11-29T16:29:09","date_gmt":"2021-11-29T14:29:09","guid":{"rendered":"https:\/\/fanshop.equusarea.com\/shop\/unisex-fleece-sweatshirt-x42132-1"},"modified":"2023-03-16T14:31:37","modified_gmt":"2023-03-16T12:31:37","slug":"unisex-fleece-sweatshirt-x42132-1","status":"publish","type":"product","link":"https:\/\/fanshop.equusarea.com\/es\/shop\/unisex-fleece-sweatshirt-x42132-1\/","title":{"rendered":"Sudadera polar unisex"},"content":{"rendered":"<p>Si buscas estilo y comodidad a la vez, esta sudadera de forro polar es la elecci\u00f3n perfecta. Y con hasta 5% de poli\u00e9ster reciclado en sus componentes, estar\u00e1s dando un pasito m\u00e1s hacia un estilo de vida m\u00e1s respetuoso con el medio ambiente.<\/p>\n<p>- 50% de algod\u00f3n, 50% de poli\u00e9ster (hasta 5% de poli\u00e9ster reciclado, fabricado con botellas de pl\u00e1stico)<br \/>\n- Peso del tejido: 7,8 oz\/y\u00b2 (264,5 g\/m\u00b2)<br \/>\n- Vell\u00f3n PrintPro\u00ae XP patentado de baja densidad de pelusa y alta densidad de puntadas<br \/>\n- Cuello y sisas cosidos a doble aguja<br \/>\n- Pu\u00f1os y cintura acanalados<br \/>\n- Producto en blanco procedente de Tailandia o Vietnam<\/p>","protected":false},"excerpt":{"rendered":"<p>Si buscas estilo y comodidad a la vez, esta sudadera de forro polar es la elecci\u00f3n perfecta. Y con hasta 5% de poli\u00e9ster reciclado en sus componentes, estar\u00e1s dando un pasito m\u00e1s hacia un estilo de vida m\u00e1s respetuoso con el medio ambiente.<\/p>\n<p>- 50% de algod\u00f3n, 50% de poli\u00e9ster (hasta 5% de poli\u00e9ster reciclado, fabricado con botellas de pl\u00e1stico)<br \/>\n- Peso del tejido: 7,8 oz\/y\u00b2 (264,5 g\/m\u00b2)<br \/>\n- Vell\u00f3n PrintPro\u00ae XP patentado de baja densidad de pelusa y alta densidad de puntadas<br \/>\n- Cuello y sisas cosidos a doble aguja<br \/>\n- Pu\u00f1os y cintura acanalados<br \/>\n- Producto en blanco procedente de Tailandia o Vietnam<\/p>","protected":false},"featured_media":33091,"comment_status":"open","ping_status":"closed","template":"","meta":[],"product_brand":[],"product_cat":[237,238],"product_tag":[300],"collection":[341,337],"class_list":{"0":"post-33052","1":"product","2":"type-product","3":"status-publish","4":"has-post-thumbnail","6":"product_cat-mens-clothing","7":"product_cat-womens-clothing","8":"product_tag-unisex-fleece-sweatshirt","9":"collection-blackie-brownie","10":"collection-equestrian-family","12":"first","13":"instock","14":"taxable","15":"shipping-taxable","16":"purchasable","17":"product-type-variable"},"_links":{"self":[{"href":"https:\/\/fanshop.equusarea.com\/es\/wp-json\/wp\/v2\/product\/33052","targetHints":{"allow":["GET"]}}],"collection":[{"href":"https:\/\/fanshop.equusarea.com\/es\/wp-json\/wp\/v2\/product"}],"about":[{"href":"https:\/\/fanshop.equusarea.com\/es\/wp-json\/wp\/v2\/types\/product"}],"replies":[{"embeddable":true,"href":"https:\/\/fanshop.equusarea.com\/es\/wp-json\/wp\/v2\/comments?post=33052"}],"wp:featuredmedia":[{"embeddable":true,"href":"https:\/\/fanshop.equusarea.com\/es\/wp-json\/wp\/v2\/media\/33091"}],"wp:attachment":[{"href":"https:\/\/fanshop.equusarea.com\/es\/wp-json\/wp\/v2\/media?parent=33052"}],"wp:term":[{"taxonomy":"product_brand","embeddable":true,"href":"https:\/\/fanshop.equusarea.com\/es\/wp-json\/wp\/v2\/product_brand?post=33052"},{"taxonomy":"product_cat","embeddable":true,"href":"https:\/\/fanshop.equusarea.com\/es\/wp-json\/wp\/v2\/product_cat?post=33052"},{"taxonomy":"product_tag","embeddable":true,"href":"https:\/\/fanshop.equusarea.com\/es\/wp-json\/wp\/v2\/product_tag?post=33052"},{"taxonomy":"collection","embeddable":true,"href":"https:\/\/fanshop.equusarea.com\/es\/wp-json\/wp\/v2\/collection?post=33052"}],"curies":[{"name":"wp","href":"https:\/\/api.w.org\/{rel}","templated":true}]}}