{"id":32957,"date":"2021-11-29T16:16:50","date_gmt":"2021-11-29T14:16:50","guid":{"rendered":"https:\/\/fanshop.equusarea.com\/shop\/unisex-fleece-hoodie-x42131-2"},"modified":"2023-03-16T14:32:05","modified_gmt":"2023-03-16T12:32:05","slug":"unisex-fleece-hoodie-x42131-2","status":"publish","type":"product","link":"https:\/\/fanshop.equusarea.com\/es\/shop\/unisex-fleece-hoodie-x42131-2\/","title":{"rendered":"Sudadera polar unisex con capucha"},"content":{"rendered":"<p>Elige esta sudadera polar unisex y disfruta de todo lo que te ofrece. Es suave, c\u00f3moda y se puede combinar f\u00e1cilmente con unos vaqueros y unas zapatillas para conseguir un look acogedor y elegante.<\/p>\n<p>- 50% de algod\u00f3n, 50% de poli\u00e9ster (hasta 5% de poli\u00e9ster reciclado, fabricado con botellas de pl\u00e1stico)<br \/>\n- Peso del tejido: 7,8 oz\/y\u00b2 (264,5 g\/m\u00b2)<br \/>\n- Vell\u00f3n PrintPro\u00ae XP patentado de baja densidad de pelusa y alta densidad de puntadas<br \/>\n- Sisas y cintura cosidas<br \/>\n- Pu\u00f1os y cintura acanalados<br \/>\n- Cordones a juego<br \/>\n- Bolsillo frontal<br \/>\n- Producto en blanco procedente de El Salvador, Guatemala, Honduras o Nicaragua<\/p>","protected":false},"excerpt":{"rendered":"<p>Elige esta sudadera polar unisex y disfruta de todo lo que te ofrece. Es suave, c\u00f3moda y se puede combinar f\u00e1cilmente con unos vaqueros y unas zapatillas para conseguir un look acogedor y elegante.<\/p>\n<p>- 50% de algod\u00f3n, 50% de poli\u00e9ster (hasta 5% de poli\u00e9ster reciclado, fabricado con botellas de pl\u00e1stico)<br \/>\n- Peso del tejido: 7,8 oz\/y\u00b2 (264,5 g\/m\u00b2)<br \/>\n- Vell\u00f3n PrintPro\u00ae XP patentado de baja densidad de pelusa y alta densidad de puntadas<br \/>\n- Sisas y cintura cosidas<br \/>\n- Pu\u00f1os y cintura acanalados<br \/>\n- Cordones a juego<br \/>\n- Bolsillo frontal<br \/>\n- Producto en blanco procedente de El Salvador, Guatemala, Honduras o Nicaragua<\/p>","protected":false},"featured_media":32980,"comment_status":"open","ping_status":"closed","template":"","meta":[],"product_brand":[],"product_cat":[237,238],"product_tag":[301],"collection":[338,337],"class_list":{"0":"post-32957","1":"product","2":"type-product","3":"status-publish","4":"has-post-thumbnail","6":"product_cat-mens-clothing","7":"product_cat-womens-clothing","8":"product_tag-unisex-fleece-hoodie","9":"collection-divinity","10":"collection-equestrian-family","12":"first","13":"instock","14":"taxable","15":"shipping-taxable","16":"purchasable","17":"product-type-variable"},"_links":{"self":[{"href":"https:\/\/fanshop.equusarea.com\/es\/wp-json\/wp\/v2\/product\/32957","targetHints":{"allow":["GET"]}}],"collection":[{"href":"https:\/\/fanshop.equusarea.com\/es\/wp-json\/wp\/v2\/product"}],"about":[{"href":"https:\/\/fanshop.equusarea.com\/es\/wp-json\/wp\/v2\/types\/product"}],"replies":[{"embeddable":true,"href":"https:\/\/fanshop.equusarea.com\/es\/wp-json\/wp\/v2\/comments?post=32957"}],"wp:featuredmedia":[{"embeddable":true,"href":"https:\/\/fanshop.equusarea.com\/es\/wp-json\/wp\/v2\/media\/32980"}],"wp:attachment":[{"href":"https:\/\/fanshop.equusarea.com\/es\/wp-json\/wp\/v2\/media?parent=32957"}],"wp:term":[{"taxonomy":"product_brand","embeddable":true,"href":"https:\/\/fanshop.equusarea.com\/es\/wp-json\/wp\/v2\/product_brand?post=32957"},{"taxonomy":"product_cat","embeddable":true,"href":"https:\/\/fanshop.equusarea.com\/es\/wp-json\/wp\/v2\/product_cat?post=32957"},{"taxonomy":"product_tag","embeddable":true,"href":"https:\/\/fanshop.equusarea.com\/es\/wp-json\/wp\/v2\/product_tag?post=32957"},{"taxonomy":"collection","embeddable":true,"href":"https:\/\/fanshop.equusarea.com\/es\/wp-json\/wp\/v2\/collection?post=32957"}],"curies":[{"name":"wp","href":"https:\/\/api.w.org\/{rel}","templated":true}]}}