{"id":32671,"date":"2021-11-29T15:50:05","date_gmt":"2021-11-29T13:50:05","guid":{"rendered":"https:\/\/fanshop.equusarea.com\/shop\/unisex-hoodie-x42128-3"},"modified":"2021-12-14T20:40:26","modified_gmt":"2021-12-14T18:40:26","slug":"unisex-hoodie-x42128-3","status":"publish","type":"product","link":"https:\/\/fanshop.equusarea.com\/es\/shop\/unisex-hoodie-x42128-3\/","title":{"rendered":"Sudadera con capucha unisex"},"content":{"rendered":"<p>Esta c\u00f3moda sudadera con capucha unisex tiene un exterior suave con un vibrante estampado y un interior de vell\u00f3n cepillado a\u00fan m\u00e1s suave. La sudadera tiene un ajuste relajado y es perfecta para envolverse en una noche fr\u00eda.<\/p>\n<p>- 70% poli\u00e9ster, 27% algod\u00f3n, 3% elastano<br \/>\n- Peso del tejido: 300 g\/m\u00b2 (8,85 oz\/yd\u00b2), el peso puede variar seg\u00fan 5%<br \/>\n- Cara de tejido suave de algod\u00f3n<br \/>\n- Tejido polar cepillado en el interior<br \/>\n- Capucha de doble forro con dise\u00f1o en ambos lados<br \/>\n- Estilo unisex<br \/>\n- Viene con cordones<br \/>\n- Costuras Overlock<br \/>\n- Componentes de productos en blanco en M\u00e9xico procedentes de Polonia y M\u00e9xico<br \/>\n- Componentes de productos en blanco en la UE procedentes de China y Polonia<\/p>","protected":false},"excerpt":{"rendered":"<p>Esta c\u00f3moda sudadera con capucha unisex tiene un exterior suave con un vibrante estampado y un interior de vell\u00f3n cepillado a\u00fan m\u00e1s suave. La sudadera tiene un ajuste relajado y es perfecta para envolverse en una noche fr\u00eda.<\/p>\n<p>- 70% poli\u00e9ster, 27% algod\u00f3n, 3% elastano<br \/>\n- Peso del tejido: 300 g\/m\u00b2 (8,85 oz\/yd\u00b2), el peso puede variar seg\u00fan 5%<br \/>\n- Cara de tejido suave de algod\u00f3n<br \/>\n- Tejido polar cepillado en el interior<br \/>\n- Capucha de doble forro con dise\u00f1o en ambos lados<br \/>\n- Estilo unisex<br \/>\n- Viene con cordones<br \/>\n- Costuras Overlock<br \/>\n- Componentes de productos en blanco en M\u00e9xico procedentes de Polonia y M\u00e9xico<br \/>\n- Componentes de productos en blanco en la UE procedentes de China y Polonia<\/p>","protected":false},"featured_media":32681,"comment_status":"open","ping_status":"closed","template":"","meta":[],"product_brand":[],"product_cat":[237],"product_tag":[302],"collection":[341,337],"class_list":{"0":"post-32671","1":"product","2":"type-product","3":"status-publish","4":"has-post-thumbnail","6":"product_cat-mens-clothing","7":"product_tag-unisex-hoodie","8":"collection-blackie-brownie","9":"collection-equestrian-family","11":"first","12":"instock","13":"featured","14":"taxable","15":"shipping-taxable","16":"purchasable","17":"product-type-variable"},"_links":{"self":[{"href":"https:\/\/fanshop.equusarea.com\/es\/wp-json\/wp\/v2\/product\/32671","targetHints":{"allow":["GET"]}}],"collection":[{"href":"https:\/\/fanshop.equusarea.com\/es\/wp-json\/wp\/v2\/product"}],"about":[{"href":"https:\/\/fanshop.equusarea.com\/es\/wp-json\/wp\/v2\/types\/product"}],"replies":[{"embeddable":true,"href":"https:\/\/fanshop.equusarea.com\/es\/wp-json\/wp\/v2\/comments?post=32671"}],"wp:featuredmedia":[{"embeddable":true,"href":"https:\/\/fanshop.equusarea.com\/es\/wp-json\/wp\/v2\/media\/32681"}],"wp:attachment":[{"href":"https:\/\/fanshop.equusarea.com\/es\/wp-json\/wp\/v2\/media?parent=32671"}],"wp:term":[{"taxonomy":"product_brand","embeddable":true,"href":"https:\/\/fanshop.equusarea.com\/es\/wp-json\/wp\/v2\/product_brand?post=32671"},{"taxonomy":"product_cat","embeddable":true,"href":"https:\/\/fanshop.equusarea.com\/es\/wp-json\/wp\/v2\/product_cat?post=32671"},{"taxonomy":"product_tag","embeddable":true,"href":"https:\/\/fanshop.equusarea.com\/es\/wp-json\/wp\/v2\/product_tag?post=32671"},{"taxonomy":"collection","embeddable":true,"href":"https:\/\/fanshop.equusarea.com\/es\/wp-json\/wp\/v2\/collection?post=32671"}],"curies":[{"name":"wp","href":"https:\/\/api.w.org\/{rel}","templated":true}]}}