{"id":32575,"date":"2021-11-29T14:07:52","date_gmt":"2021-11-29T12:07:52","guid":{"rendered":"https:\/\/fanshop.equusarea.com\/shop\/laptop-sleeve-x42127-13"},"modified":"2021-12-14T20:36:23","modified_gmt":"2021-12-14T18:36:23","slug":"laptop-sleeve-x42127-13","status":"publish","type":"product","link":"https:\/\/fanshop.equusarea.com\/es\/shop\/laptop-sleeve-x42127-13\/","title":{"rendered":"Funda para port\u00e1til"},"content":{"rendered":"<p>Proteja su port\u00e1til con estilo: \u00a1obtenga esta funda para port\u00e1til c\u00f3moda y ligera! Para evitar cualquier marca de ara\u00f1azos, contiene una cremallera interna acolchada y su interior est\u00e1 totalmente forrado de piel sint\u00e9tica. Adem\u00e1s, est\u00e1 fabricada con un material resistente al agua, al aceite y al calor, lo que garantiza que tu funda para port\u00e1til luzca tan elegante como t\u00fa cualquier d\u00eda de la semana.<\/p>\n<p>- 100% neopreno<br \/>\n- Peso de la funda de 13\u2033: 220 g (6,49 oz)<br \/>\n- Peso de la manga de 15\u2033: 250 g (8,8 oz)<br \/>\n- Ligero y resistente al agua, al aceite y al calor<br \/>\n- Ajuste perfecto<br \/>\n- Forro interior de piel sint\u00e9tica<br \/>\n- Caja con cremallera de carga superior con dos deslizadores<br \/>\n- Cierre de cremallera acolchado<br \/>\n- Producto en blanco procedente de China<\/p>","protected":false},"excerpt":{"rendered":"<p>Proteja su port\u00e1til con estilo: \u00a1obtenga esta funda para port\u00e1til c\u00f3moda y ligera! Para evitar cualquier marca de ara\u00f1azos, contiene una cremallera interna acolchada y su interior est\u00e1 totalmente forrado de piel sint\u00e9tica. Adem\u00e1s, est\u00e1 fabricada con un material resistente al agua, al aceite y al calor, lo que garantiza que tu funda para port\u00e1til luzca tan elegante como t\u00fa cualquier d\u00eda de la semana.<\/p>\n<p>- 100% neopreno<br \/>\n- Peso de la funda de 13\u2033: 220 g (6,49 oz)<br \/>\n- Peso de la manga de 15\u2033: 250 g (8,8 oz)<br \/>\n- Ligero y resistente al agua, al aceite y al calor<br \/>\n- Ajuste perfecto<br \/>\n- Forro interior de piel sint\u00e9tica<br \/>\n- Caja con cremallera de carga superior con dos deslizadores<br \/>\n- Cierre de cremallera acolchado<br \/>\n- Producto en blanco procedente de China<\/p>","protected":false},"featured_media":32578,"comment_status":"open","ping_status":"closed","template":"","meta":[],"product_brand":[],"product_cat":[240],"product_tag":[303],"collection":[341,337],"class_list":{"0":"post-32575","1":"product","2":"type-product","3":"status-publish","4":"has-post-thumbnail","6":"product_cat-accessories","7":"product_tag-laptop-sleeve","8":"collection-blackie-brownie","9":"collection-equestrian-family","11":"first","12":"instock","13":"taxable","14":"shipping-taxable","15":"purchasable","16":"product-type-variable"},"_links":{"self":[{"href":"https:\/\/fanshop.equusarea.com\/es\/wp-json\/wp\/v2\/product\/32575","targetHints":{"allow":["GET"]}}],"collection":[{"href":"https:\/\/fanshop.equusarea.com\/es\/wp-json\/wp\/v2\/product"}],"about":[{"href":"https:\/\/fanshop.equusarea.com\/es\/wp-json\/wp\/v2\/types\/product"}],"replies":[{"embeddable":true,"href":"https:\/\/fanshop.equusarea.com\/es\/wp-json\/wp\/v2\/comments?post=32575"}],"wp:featuredmedia":[{"embeddable":true,"href":"https:\/\/fanshop.equusarea.com\/es\/wp-json\/wp\/v2\/media\/32578"}],"wp:attachment":[{"href":"https:\/\/fanshop.equusarea.com\/es\/wp-json\/wp\/v2\/media?parent=32575"}],"wp:term":[{"taxonomy":"product_brand","embeddable":true,"href":"https:\/\/fanshop.equusarea.com\/es\/wp-json\/wp\/v2\/product_brand?post=32575"},{"taxonomy":"product_cat","embeddable":true,"href":"https:\/\/fanshop.equusarea.com\/es\/wp-json\/wp\/v2\/product_cat?post=32575"},{"taxonomy":"product_tag","embeddable":true,"href":"https:\/\/fanshop.equusarea.com\/es\/wp-json\/wp\/v2\/product_tag?post=32575"},{"taxonomy":"collection","embeddable":true,"href":"https:\/\/fanshop.equusarea.com\/es\/wp-json\/wp\/v2\/collection?post=32575"}],"curies":[{"name":"wp","href":"https:\/\/api.w.org\/{rel}","templated":true}]}}