{"id":32501,"date":"2021-11-29T13:58:31","date_gmt":"2021-11-29T11:58:31","guid":{"rendered":"https:\/\/fanshop.equusarea.com\/shop\/minimalist-backpack-y32126-1"},"modified":"2021-12-16T02:33:05","modified_gmt":"2021-12-16T00:33:05","slug":"minimalist-backpack-y32126-1","status":"publish","type":"product","link":"https:\/\/fanshop.equusarea.com\/es\/shop\/minimalist-backpack-y32126-1\/","title":{"rendered":"Mochila minimalista"},"content":{"rendered":"<p>Si sientes que llevas la mitad de tus pertenencias siempre contigo, \u00a1esta mochila es para ti! Tiene un amplio compartimento interior (con un bolsillo para el port\u00e1til), y un bolsillo trasero oculto para guardar tus objetos m\u00e1s valiosos.<\/p>\n<p>- Fabricado en poli\u00e9ster 100%<br \/>\n- Peso del tejido: 9,56 oz\/yd\u00b2 (325 g\/m\u00b2), el peso puede variar por 5%<br \/>\n- Dimensiones: 16,1\u2033 (41 cm) de altura, 12,2\u2033 (31 cm) de ancho y 5,5\u2033 (14 cm) de di\u00e1metro<br \/>\n- Capacidad: 20 litros (5,3 galones)<br \/>\n- Peso m\u00e1ximo: 20 kg (44 lbs)<br \/>\n- Material resistente al agua<br \/>\n- Gran bolsillo interior con un bolsillo separado para un port\u00e1til de 15\", un bolsillo oculto con cremallera en la parte trasera de la bolsa<br \/>\n- La cremallera superior tiene 2 deslizadores, y hay tiradores de cremallera unidos a cada deslizador<br \/>\n- Forro sedoso, dobladillo interior ribeteado y espalda de malla suave<br \/>\n- Correas acolchadas y ergon\u00f3micas de poli\u00e9ster con reguladores de pl\u00e1stico<br \/>\n- Componentes de productos en blanco procedentes de China<\/p>","protected":false},"excerpt":{"rendered":"<p>Si sientes que llevas la mitad de tus pertenencias siempre contigo, \u00a1esta mochila es para ti! Tiene un amplio compartimento interior (con un bolsillo para el port\u00e1til), y un bolsillo trasero oculto para guardar tus objetos m\u00e1s valiosos.<\/p>\n<p>- Fabricado en poli\u00e9ster 100%<br \/>\n- Peso del tejido: 9,56 oz\/yd\u00b2 (325 g\/m\u00b2), el peso puede variar por 5%<br \/>\n- Dimensiones: 16,1\u2033 (41 cm) de altura, 12,2\u2033 (31 cm) de ancho y 5,5\u2033 (14 cm) de di\u00e1metro<br \/>\n- Capacidad: 20 litros (5,3 galones)<br \/>\n- Peso m\u00e1ximo: 20 kg (44 lbs)<br \/>\n- Material resistente al agua<br \/>\n- Gran bolsillo interior con un bolsillo separado para un port\u00e1til de 15\", un bolsillo oculto con cremallera en la parte trasera de la bolsa<br \/>\n- La cremallera superior tiene 2 deslizadores, y hay tiradores de cremallera unidos a cada deslizador<br \/>\n- Forro sedoso, dobladillo interior ribeteado y espalda de malla suave<br \/>\n- Correas acolchadas y ergon\u00f3micas de poli\u00e9ster con reguladores de pl\u00e1stico<br \/>\n- Componentes de productos en blanco procedentes de China<\/p>","protected":false},"featured_media":32502,"comment_status":"open","ping_status":"closed","template":"","meta":[],"product_brand":[],"product_cat":[240],"product_tag":[304],"collection":[332,331],"class_list":{"0":"post-32501","1":"product","2":"type-product","3":"status-publish","4":"has-post-thumbnail","6":"product_cat-accessories","7":"product_tag-minimalist-backpack","8":"collection-animal-print","9":"collection-equestrian-soul","11":"first","12":"instock","13":"taxable","14":"shipping-taxable","15":"purchasable","16":"product-type-simple"},"_links":{"self":[{"href":"https:\/\/fanshop.equusarea.com\/es\/wp-json\/wp\/v2\/product\/32501","targetHints":{"allow":["GET"]}}],"collection":[{"href":"https:\/\/fanshop.equusarea.com\/es\/wp-json\/wp\/v2\/product"}],"about":[{"href":"https:\/\/fanshop.equusarea.com\/es\/wp-json\/wp\/v2\/types\/product"}],"replies":[{"embeddable":true,"href":"https:\/\/fanshop.equusarea.com\/es\/wp-json\/wp\/v2\/comments?post=32501"}],"wp:featuredmedia":[{"embeddable":true,"href":"https:\/\/fanshop.equusarea.com\/es\/wp-json\/wp\/v2\/media\/32502"}],"wp:attachment":[{"href":"https:\/\/fanshop.equusarea.com\/es\/wp-json\/wp\/v2\/media?parent=32501"}],"wp:term":[{"taxonomy":"product_brand","embeddable":true,"href":"https:\/\/fanshop.equusarea.com\/es\/wp-json\/wp\/v2\/product_brand?post=32501"},{"taxonomy":"product_cat","embeddable":true,"href":"https:\/\/fanshop.equusarea.com\/es\/wp-json\/wp\/v2\/product_cat?post=32501"},{"taxonomy":"product_tag","embeddable":true,"href":"https:\/\/fanshop.equusarea.com\/es\/wp-json\/wp\/v2\/product_tag?post=32501"},{"taxonomy":"collection","embeddable":true,"href":"https:\/\/fanshop.equusarea.com\/es\/wp-json\/wp\/v2\/collection?post=32501"}],"curies":[{"name":"wp","href":"https:\/\/api.w.org\/{rel}","templated":true}]}}