{"id":32335,"date":"2021-11-29T13:36:59","date_gmt":"2021-11-29T11:36:59","guid":{"rendered":"https:\/\/fanshop.equusarea.com\/shop\/all-over-print-mens-athletic-t-shirt-x42125-3"},"modified":"2021-12-14T20:40:01","modified_gmt":"2021-12-14T18:40:01","slug":"all-over-print-mens-athletic-t-shirt-x42125-3","status":"publish","type":"product","link":"https:\/\/fanshop.equusarea.com\/es\/shop\/all-over-print-mens-athletic-t-shirt-x42125-3\/","title":{"rendered":"Camiseta deportiva de hombre con estampado integral"},"content":{"rendered":"<p>Una camiseta perfecta para todo tipo de entrenamientos. Su control de la humedad y sus cualidades antimicrobianas mantendr\u00e1n a los atletas secos y c\u00f3modos incluso durante los entrenamientos m\u00e1s intensos.<\/p>\n<p>- 92% poli\u00e9ster, 8% spandex<br \/>\n- Peso del tejido: 4,42 oz\/yd\u00b2 (150 g\/m\u00b2), el peso puede variar por 5%<br \/>\n- Tejido antimicrobiano MaxDri y MicroBlok<br \/>\n- Tejido de malla deportiva muy suave y el\u00e1stico en cuatro direcciones <br \/>\n- Ajuste c\u00f3modo<br \/>\n- Sobrehilado y pespunteado<br \/>\n- Componentes de productos en blanco procedentes de China<\/p>","protected":false},"excerpt":{"rendered":"<p>Una camiseta perfecta para todo tipo de entrenamientos. Su control de la humedad y sus cualidades antimicrobianas mantendr\u00e1n a los atletas secos y c\u00f3modos incluso durante los entrenamientos m\u00e1s intensos.<\/p>\n<p>- 92% poli\u00e9ster, 8% spandex<br \/>\n- Peso del tejido: 4,42 oz\/yd\u00b2 (150 g\/m\u00b2), el peso puede variar por 5%<br \/>\n- Tejido antimicrobiano MaxDri y MicroBlok<br \/>\n- Tejido de malla deportiva muy suave y el\u00e1stico en cuatro direcciones <br \/>\n- Ajuste c\u00f3modo<br \/>\n- Sobrehilado y pespunteado<br \/>\n- Componentes de productos en blanco procedentes de China<\/p>","protected":false},"featured_media":32345,"comment_status":"open","ping_status":"closed","template":"","meta":[],"product_brand":[],"product_cat":[237],"product_tag":[307],"collection":[341,337],"class_list":{"0":"post-32335","1":"product","2":"type-product","3":"status-publish","4":"has-post-thumbnail","6":"product_cat-mens-clothing","7":"product_tag-all-over-print-mens-athletic-t-shirt","8":"collection-blackie-brownie","9":"collection-equestrian-family","11":"first","12":"instock","13":"featured","14":"taxable","15":"shipping-taxable","16":"purchasable","17":"product-type-variable"},"_links":{"self":[{"href":"https:\/\/fanshop.equusarea.com\/es\/wp-json\/wp\/v2\/product\/32335","targetHints":{"allow":["GET"]}}],"collection":[{"href":"https:\/\/fanshop.equusarea.com\/es\/wp-json\/wp\/v2\/product"}],"about":[{"href":"https:\/\/fanshop.equusarea.com\/es\/wp-json\/wp\/v2\/types\/product"}],"replies":[{"embeddable":true,"href":"https:\/\/fanshop.equusarea.com\/es\/wp-json\/wp\/v2\/comments?post=32335"}],"wp:featuredmedia":[{"embeddable":true,"href":"https:\/\/fanshop.equusarea.com\/es\/wp-json\/wp\/v2\/media\/32345"}],"wp:attachment":[{"href":"https:\/\/fanshop.equusarea.com\/es\/wp-json\/wp\/v2\/media?parent=32335"}],"wp:term":[{"taxonomy":"product_brand","embeddable":true,"href":"https:\/\/fanshop.equusarea.com\/es\/wp-json\/wp\/v2\/product_brand?post=32335"},{"taxonomy":"product_cat","embeddable":true,"href":"https:\/\/fanshop.equusarea.com\/es\/wp-json\/wp\/v2\/product_cat?post=32335"},{"taxonomy":"product_tag","embeddable":true,"href":"https:\/\/fanshop.equusarea.com\/es\/wp-json\/wp\/v2\/product_tag?post=32335"},{"taxonomy":"collection","embeddable":true,"href":"https:\/\/fanshop.equusarea.com\/es\/wp-json\/wp\/v2\/collection?post=32335"}],"curies":[{"name":"wp","href":"https:\/\/api.w.org\/{rel}","templated":true}]}}