{"id":32221,"date":"2021-11-29T13:11:42","date_gmt":"2021-11-29T11:11:42","guid":{"rendered":"https:\/\/fanshop.equusarea.com\/shop\/sublimation-cut-sew-tank-top-x32122-1-1"},"modified":"2021-12-08T14:53:11","modified_gmt":"2021-12-08T12:53:11","slug":"sublimation-cut-sew-tank-top-x32122-11","status":"publish","type":"product","link":"https:\/\/fanshop.equusarea.com\/es\/shop\/sublimation-cut-sew-tank-top-x32122-11\/","title":{"rendered":"Camiseta de tirantes de corte y confecci\u00f3n por sublimaci\u00f3n"},"content":{"rendered":"<p>Esta camiseta de tirantes ce\u00f1ida al cuerpo es imprescindible.<\/p>\n<p>- 82% poli\u00e9ster, 18% spandex<br \/>\n- Peso del tejido: 6,78 oz\/yd\u00b2 (230 g\/m\u00b2) (el peso puede variar por 5%)<br \/>\n- Elasticidad en cuatro direcciones, lo que significa que el tejido se estira y recupera en los granos transversales y longitudinales<br \/>\n- Fabricado con un hilo de microfibra suave y confortable<br \/>\n- Cortado con precisi\u00f3n y cosido a mano despu\u00e9s de la impresi\u00f3n<\/p>","protected":false},"excerpt":{"rendered":"<p>Esta camiseta de tirantes ce\u00f1ida al cuerpo es imprescindible.<\/p>\n<p>- 82% poli\u00e9ster, 18% spandex<br \/>\n- Peso del tejido: 6,78 oz\/yd\u00b2 (230 g\/m\u00b2) (el peso puede variar por 5%)<br \/>\n- Elasticidad en cuatro direcciones, lo que significa que el tejido se estira y recupera en los granos transversales y longitudinales<br \/>\n- Fabricado con un hilo de microfibra suave y confortable<br \/>\n- Cortado con precisi\u00f3n y cosido a mano despu\u00e9s de la impresi\u00f3n<\/p>","protected":false},"featured_media":32230,"comment_status":"open","ping_status":"closed","template":"","meta":[],"product_brand":[],"product_cat":[238],"product_tag":[310],"collection":[337,343],"class_list":{"0":"post-32221","1":"product","2":"type-product","3":"status-publish","4":"has-post-thumbnail","6":"product_cat-womens-clothing","7":"product_tag-sublimation-cut-sew-tank-top","8":"collection-equestrian-family","9":"collection-fandango","11":"first","12":"instock","13":"taxable","14":"shipping-taxable","15":"purchasable","16":"product-type-variable"},"_links":{"self":[{"href":"https:\/\/fanshop.equusarea.com\/es\/wp-json\/wp\/v2\/product\/32221","targetHints":{"allow":["GET"]}}],"collection":[{"href":"https:\/\/fanshop.equusarea.com\/es\/wp-json\/wp\/v2\/product"}],"about":[{"href":"https:\/\/fanshop.equusarea.com\/es\/wp-json\/wp\/v2\/types\/product"}],"replies":[{"embeddable":true,"href":"https:\/\/fanshop.equusarea.com\/es\/wp-json\/wp\/v2\/comments?post=32221"}],"wp:featuredmedia":[{"embeddable":true,"href":"https:\/\/fanshop.equusarea.com\/es\/wp-json\/wp\/v2\/media\/32230"}],"wp:attachment":[{"href":"https:\/\/fanshop.equusarea.com\/es\/wp-json\/wp\/v2\/media?parent=32221"}],"wp:term":[{"taxonomy":"product_brand","embeddable":true,"href":"https:\/\/fanshop.equusarea.com\/es\/wp-json\/wp\/v2\/product_brand?post=32221"},{"taxonomy":"product_cat","embeddable":true,"href":"https:\/\/fanshop.equusarea.com\/es\/wp-json\/wp\/v2\/product_cat?post=32221"},{"taxonomy":"product_tag","embeddable":true,"href":"https:\/\/fanshop.equusarea.com\/es\/wp-json\/wp\/v2\/product_tag?post=32221"},{"taxonomy":"collection","embeddable":true,"href":"https:\/\/fanshop.equusarea.com\/es\/wp-json\/wp\/v2\/collection?post=32221"}],"curies":[{"name":"wp","href":"https:\/\/api.w.org\/{rel}","templated":true}]}}