{"id":32095,"date":"2021-11-29T12:39:21","date_gmt":"2021-11-29T10:39:21","guid":{"rendered":"https:\/\/fanshop.equusarea.com\/shop\/yoga-capri-leggings-y32116-1"},"modified":"2021-12-16T02:33:47","modified_gmt":"2021-12-16T00:33:47","slug":"yoga-capri-leggings-y32116-1","status":"publish","type":"product","link":"https:\/\/fanshop.equusarea.com\/es\/shop\/yoga-capri-leggings-y32116-1\/","title":{"rendered":"Mallas de yoga Capri"},"content":{"rendered":"<p>Estos leggings capri de yoga con cintura alta y el\u00e1stica son la opci\u00f3n perfecta para el yoga, el gimnasio o simplemente para una tarde c\u00f3moda en casa.<\/p>\n<p>- 82% poli\u00e9ster, 18% spandex<br \/>\n- Tejido el\u00e1stico en cuatro direcciones muy suave<br \/>\n- C\u00f3moda cintura alta<br \/>\n- Longitud a media pantorrilla<br \/>\n- Costura plana y puntada de cobertura<br \/>\n- Componentes de productos en blanco en Estados Unidos y M\u00e9xico procedentes de China<br \/>\n- Componentes de productos en blanco en la UE procedentes de China y Lituania<\/p>","protected":false},"excerpt":{"rendered":"<p>Estos leggings capri de yoga con cintura alta y el\u00e1stica son la opci\u00f3n perfecta para el yoga, el gimnasio o simplemente para una tarde c\u00f3moda en casa.<\/p>\n<p>- 82% poli\u00e9ster, 18% spandex<br \/>\n- Tejido el\u00e1stico en cuatro direcciones muy suave<br \/>\n- C\u00f3moda cintura alta<br \/>\n- Longitud a media pantorrilla<br \/>\n- Costura plana y puntada de cobertura<br \/>\n- Componentes de productos en blanco en Estados Unidos y M\u00e9xico procedentes de China<br \/>\n- Componentes de productos en blanco en la UE procedentes de China y Lituania<\/p>","protected":false},"featured_media":32103,"comment_status":"open","ping_status":"closed","template":"","meta":[],"product_brand":[],"product_cat":[238],"product_tag":[312],"collection":[332,331],"class_list":{"0":"post-32095","1":"product","2":"type-product","3":"status-publish","4":"has-post-thumbnail","6":"product_cat-womens-clothing","7":"product_tag-yoga-capri-leggings","8":"collection-animal-print","9":"collection-equestrian-soul","11":"first","12":"instock","13":"taxable","14":"shipping-taxable","15":"purchasable","16":"product-type-variable"},"_links":{"self":[{"href":"https:\/\/fanshop.equusarea.com\/es\/wp-json\/wp\/v2\/product\/32095","targetHints":{"allow":["GET"]}}],"collection":[{"href":"https:\/\/fanshop.equusarea.com\/es\/wp-json\/wp\/v2\/product"}],"about":[{"href":"https:\/\/fanshop.equusarea.com\/es\/wp-json\/wp\/v2\/types\/product"}],"replies":[{"embeddable":true,"href":"https:\/\/fanshop.equusarea.com\/es\/wp-json\/wp\/v2\/comments?post=32095"}],"wp:featuredmedia":[{"embeddable":true,"href":"https:\/\/fanshop.equusarea.com\/es\/wp-json\/wp\/v2\/media\/32103"}],"wp:attachment":[{"href":"https:\/\/fanshop.equusarea.com\/es\/wp-json\/wp\/v2\/media?parent=32095"}],"wp:term":[{"taxonomy":"product_brand","embeddable":true,"href":"https:\/\/fanshop.equusarea.com\/es\/wp-json\/wp\/v2\/product_brand?post=32095"},{"taxonomy":"product_cat","embeddable":true,"href":"https:\/\/fanshop.equusarea.com\/es\/wp-json\/wp\/v2\/product_cat?post=32095"},{"taxonomy":"product_tag","embeddable":true,"href":"https:\/\/fanshop.equusarea.com\/es\/wp-json\/wp\/v2\/product_tag?post=32095"},{"taxonomy":"collection","embeddable":true,"href":"https:\/\/fanshop.equusarea.com\/es\/wp-json\/wp\/v2\/collection?post=32095"}],"curies":[{"name":"wp","href":"https:\/\/api.w.org\/{rel}","templated":true}]}}