{"id":31999,"date":"2021-11-29T12:24:52","date_gmt":"2021-11-29T10:24:52","guid":{"rendered":"https:\/\/fanshop.equusarea.com\/shop\/infant-bodysuit-x32115-1"},"modified":"2026-01-20T11:01:06","modified_gmt":"2026-01-20T09:01:06","slug":"infant-bodysuit-x32115-1","status":"publish","type":"product","link":"https:\/\/fanshop.equusarea.com\/es\/shop\/infant-bodysuit-x32115-1\/","title":{"rendered":"Traje de beb\u00e9"},"content":{"rendered":"<p>Este c\u00f3modo body ser\u00e1 una gran adici\u00f3n al guardarropa de cualquier beb\u00e9, y los hombros ca\u00eddos facilitar\u00e1n el cambio.<\/p>\n<p>- 100% de algod\u00f3n peinado de hilado en anillo en un canal de beb\u00e9 1\u00d71, el color del brezo es 88% de algod\u00f3n \/ 12% de poli\u00e9ster<br \/>\n- Peso del tejido: 5 oz\/yd\u00b2 (170 g\/m\u00b2)<br \/>\n- La pieza blanca est\u00e1 cosida con hilo de algod\u00f3n 100%<br \/>\n- Cierre de tres broches en la encuadernaci\u00f3n<br \/>\n- Hombros de solapa para facilitar el cambio<br \/>\n- Producto en blanco procedente de India o Hait\u00ed<\/p>","protected":false},"excerpt":{"rendered":"<p>Este c\u00f3modo body ser\u00e1 una gran adici\u00f3n al guardarropa de cualquier beb\u00e9, y los hombros ca\u00eddos facilitar\u00e1n el cambio.<\/p>\n<p>- 100% de algod\u00f3n peinado de hilado en anillo en un canal de beb\u00e9 1\u00d71, el color del brezo es 88% de algod\u00f3n \/ 12% de poli\u00e9ster<br \/>\n- Peso del tejido: 5 oz\/yd\u00b2 (170 g\/m\u00b2)<br \/>\n- La pieza blanca est\u00e1 cosida con hilo de algod\u00f3n 100%<br \/>\n- Cierre de tres broches en la encuadernaci\u00f3n<br \/>\n- Hombros de solapa para facilitar el cambio<br \/>\n- Producto en blanco procedente de India o Hait\u00ed<\/p>","protected":false},"featured_media":32012,"comment_status":"open","ping_status":"closed","template":"","meta":[],"product_brand":[],"product_cat":[239],"product_tag":[313],"collection":[342,337],"class_list":{"0":"post-31999","1":"product","2":"type-product","3":"status-publish","4":"has-post-thumbnail","6":"product_cat-childrens-and-teenage-clothes","7":"product_tag-infant-bodysuit","8":"collection-cappuccino","9":"collection-equestrian-family","11":"first","12":"instock","13":"taxable","14":"shipping-taxable","15":"purchasable","16":"product-type-variable"},"_links":{"self":[{"href":"https:\/\/fanshop.equusarea.com\/es\/wp-json\/wp\/v2\/product\/31999","targetHints":{"allow":["GET"]}}],"collection":[{"href":"https:\/\/fanshop.equusarea.com\/es\/wp-json\/wp\/v2\/product"}],"about":[{"href":"https:\/\/fanshop.equusarea.com\/es\/wp-json\/wp\/v2\/types\/product"}],"replies":[{"embeddable":true,"href":"https:\/\/fanshop.equusarea.com\/es\/wp-json\/wp\/v2\/comments?post=31999"}],"wp:featuredmedia":[{"embeddable":true,"href":"https:\/\/fanshop.equusarea.com\/es\/wp-json\/wp\/v2\/media\/32012"}],"wp:attachment":[{"href":"https:\/\/fanshop.equusarea.com\/es\/wp-json\/wp\/v2\/media?parent=31999"}],"wp:term":[{"taxonomy":"product_brand","embeddable":true,"href":"https:\/\/fanshop.equusarea.com\/es\/wp-json\/wp\/v2\/product_brand?post=31999"},{"taxonomy":"product_cat","embeddable":true,"href":"https:\/\/fanshop.equusarea.com\/es\/wp-json\/wp\/v2\/product_cat?post=31999"},{"taxonomy":"product_tag","embeddable":true,"href":"https:\/\/fanshop.equusarea.com\/es\/wp-json\/wp\/v2\/product_tag?post=31999"},{"taxonomy":"collection","embeddable":true,"href":"https:\/\/fanshop.equusarea.com\/es\/wp-json\/wp\/v2\/collection?post=31999"}],"curies":[{"name":"wp","href":"https:\/\/api.w.org\/{rel}","templated":true}]}}