{"id":31638,"date":"2021-11-29T10:21:36","date_gmt":"2021-11-29T08:21:36","guid":{"rendered":"https:\/\/fanshop.equusarea.com\/shop\/unisex-fleece-pullover-x32113-3"},"modified":"2025-02-19T00:20:15","modified_gmt":"2025-02-18T22:20:15","slug":"unisex-fleece-pullover-x32113-3","status":"publish","type":"product","link":"https:\/\/fanshop.equusarea.com\/es\/shop\/unisex-fleece-pullover-x32113-3\/","title":{"rendered":"Jersey polar unisex"},"content":{"rendered":"<p>Un jersey de silueta cl\u00e1sica con cuello redondo de canal\u00e9, pu\u00f1os de manga larga y dobladillo plano. Puedes combinarla con otras prendas o llevarla sola para conseguir un look contempor\u00e1neo de calle. Con su suave forro polar y su c\u00f3modo ajuste, seguro que se convertir\u00e1 en tu jersey favorito para el d\u00eda a d\u00eda.<\/p>\n<p>- 100% cara de algod\u00f3n<br \/>\n- 65% algod\u00f3n, 35% poli\u00e9ster<br \/>\n- Charcoal Heather es algod\u00f3n 55%, poli\u00e9ster 45%<br \/>\n- Peso del tejido: 288,2 g\/m\u00b2 (8,5 oz\/y\u00b2)<br \/>\n- Vell\u00f3n de 3 extremos de punto apretado <br \/>\n- Construcci\u00f3n con costuras laterales<br \/>\n- Parche de tejido propio en la espalda<br \/>\n- Cuello, pu\u00f1os y dobladillo cosidos a doble aguja<br \/>\n- Producto en blanco procedente de Pakist\u00e1n<\/p>","protected":false},"excerpt":{"rendered":"<p>Un jersey de silueta cl\u00e1sica con cuello redondo de canal\u00e9, pu\u00f1os de manga larga y dobladillo plano. Puedes combinarla con otras prendas o llevarla sola para conseguir un look contempor\u00e1neo de calle. Con su suave forro polar y su c\u00f3modo ajuste, seguro que se convertir\u00e1 en tu jersey favorito para el d\u00eda a d\u00eda.<\/p>\n<p>- 100% cara de algod\u00f3n<br \/>\n- 65% algod\u00f3n, 35% poli\u00e9ster<br \/>\n- Charcoal Heather es algod\u00f3n 55%, poli\u00e9ster 45%<br \/>\n- Peso del tejido: 288,2 g\/m\u00b2 (8,5 oz\/y\u00b2)<br \/>\n- Vell\u00f3n de 3 extremos de punto apretado <br \/>\n- Construcci\u00f3n con costuras laterales<br \/>\n- Parche de tejido propio en la espalda<br \/>\n- Cuello, pu\u00f1os y dobladillo cosidos a doble aguja<br \/>\n- Producto en blanco procedente de Pakist\u00e1n<\/p>","protected":false},"featured_media":31651,"comment_status":"open","ping_status":"closed","template":"","meta":[],"product_brand":[],"product_cat":[238],"product_tag":[314],"collection":[337,343],"class_list":{"0":"post-31638","1":"product","2":"type-product","3":"status-publish","4":"has-post-thumbnail","6":"product_cat-womens-clothing","7":"product_tag-unisex-fleece-pullover","8":"collection-equestrian-family","9":"collection-fandango","11":"first","12":"instock","13":"taxable","14":"shipping-taxable","15":"purchasable","16":"product-type-variable"},"_links":{"self":[{"href":"https:\/\/fanshop.equusarea.com\/es\/wp-json\/wp\/v2\/product\/31638","targetHints":{"allow":["GET"]}}],"collection":[{"href":"https:\/\/fanshop.equusarea.com\/es\/wp-json\/wp\/v2\/product"}],"about":[{"href":"https:\/\/fanshop.equusarea.com\/es\/wp-json\/wp\/v2\/types\/product"}],"replies":[{"embeddable":true,"href":"https:\/\/fanshop.equusarea.com\/es\/wp-json\/wp\/v2\/comments?post=31638"}],"wp:featuredmedia":[{"embeddable":true,"href":"https:\/\/fanshop.equusarea.com\/es\/wp-json\/wp\/v2\/media\/31651"}],"wp:attachment":[{"href":"https:\/\/fanshop.equusarea.com\/es\/wp-json\/wp\/v2\/media?parent=31638"}],"wp:term":[{"taxonomy":"product_brand","embeddable":true,"href":"https:\/\/fanshop.equusarea.com\/es\/wp-json\/wp\/v2\/product_brand?post=31638"},{"taxonomy":"product_cat","embeddable":true,"href":"https:\/\/fanshop.equusarea.com\/es\/wp-json\/wp\/v2\/product_cat?post=31638"},{"taxonomy":"product_tag","embeddable":true,"href":"https:\/\/fanshop.equusarea.com\/es\/wp-json\/wp\/v2\/product_tag?post=31638"},{"taxonomy":"collection","embeddable":true,"href":"https:\/\/fanshop.equusarea.com\/es\/wp-json\/wp\/v2\/collection?post=31638"}],"curies":[{"name":"wp","href":"https:\/\/api.w.org\/{rel}","templated":true}]}}