{"id":31170,"date":"2021-11-26T16:33:49","date_gmt":"2021-11-26T14:33:49","guid":{"rendered":"https:\/\/fanshop.equusarea.com\/shop\/duffle-bag-y32110-1"},"modified":"2021-11-26T16:50:51","modified_gmt":"2021-11-26T14:50:51","slug":"duffle-bag-y32110-1","status":"publish","type":"product","link":"https:\/\/fanshop.equusarea.com\/es\/shop\/duffle-bag-y32110-1\/","title":{"rendered":"Bolsa de lona"},"content":{"rendered":"<p>Esta bolsa de viaje es la compa\u00f1era perfecta para cualquier ocasi\u00f3n: ll\u00e9vala contigo cuando viajes, hagas los recados diarios o vayas al gimnasio. La bolsa es espaciosa y mantendr\u00e1 todas tus cosas ordenadas gracias a sus m\u00faltiples bolsillos, incluido uno con cremallera para tus posesiones m\u00e1s valiosas. Ajusta la correa acolchada para el hombro cuando la bolsa te ayude a llevar cosas m\u00e1s pesadas, \u00a1y contin\u00faa tu carrera diaria sin preocupaciones!<\/p>\n<p>- 100% poli\u00e9ster con entretela negra<br \/>\n- Peso del tejido: 9,56 oz\/yd\u00b2 (325 g\/m\u00b2), el peso puede variar por 5%<br \/>\n- Tama\u00f1o \u00fanico: 22\u2033 \u00d7 11,5\u2033 \u00d7 11,5\u2033. <br \/>\n- Tuber\u00eda en T para la estabilidad<br \/>\n- Correa de hombro acolchada, ajustable y extra\u00edble<br \/>\n- Asas dobles acolchadas con cierres de aro y bucle para facilitar el transporte<br \/>\n- Bolsillo lateral de malla<br \/>\n- M\u00faltiples bolsillos interiores<br \/>\n- Componentes de productos en blanco procedentes de China<\/p>","protected":false},"excerpt":{"rendered":"<p>This duffle bag is the perfect companion for every occasion\u2014take it with you when traveling, running daily errands, or going to the gym. The bag is spacious and will keep all your stuff neat and organized with its multiple pockets, including one with a zipper for your most valuable possessions. Adjust the padded shoulder strap [&hellip;]<\/p>\n","protected":false},"featured_media":31171,"comment_status":"open","ping_status":"closed","template":"","meta":[],"product_brand":[],"product_cat":[240],"product_tag":[],"collection":[331,335],"class_list":{"0":"post-31170","1":"product","2":"type-product","3":"status-publish","4":"has-post-thumbnail","6":"product_cat-accessories","7":"collection-equestrian-soul","8":"collection-equus-area","10":"first","11":"instock","12":"taxable","13":"shipping-taxable","14":"purchasable","15":"product-type-simple"},"_links":{"self":[{"href":"https:\/\/fanshop.equusarea.com\/es\/wp-json\/wp\/v2\/product\/31170","targetHints":{"allow":["GET"]}}],"collection":[{"href":"https:\/\/fanshop.equusarea.com\/es\/wp-json\/wp\/v2\/product"}],"about":[{"href":"https:\/\/fanshop.equusarea.com\/es\/wp-json\/wp\/v2\/types\/product"}],"replies":[{"embeddable":true,"href":"https:\/\/fanshop.equusarea.com\/es\/wp-json\/wp\/v2\/comments?post=31170"}],"wp:featuredmedia":[{"embeddable":true,"href":"https:\/\/fanshop.equusarea.com\/es\/wp-json\/wp\/v2\/media\/31171"}],"wp:attachment":[{"href":"https:\/\/fanshop.equusarea.com\/es\/wp-json\/wp\/v2\/media?parent=31170"}],"wp:term":[{"taxonomy":"product_brand","embeddable":true,"href":"https:\/\/fanshop.equusarea.com\/es\/wp-json\/wp\/v2\/product_brand?post=31170"},{"taxonomy":"product_cat","embeddable":true,"href":"https:\/\/fanshop.equusarea.com\/es\/wp-json\/wp\/v2\/product_cat?post=31170"},{"taxonomy":"product_tag","embeddable":true,"href":"https:\/\/fanshop.equusarea.com\/es\/wp-json\/wp\/v2\/product_tag?post=31170"},{"taxonomy":"collection","embeddable":true,"href":"https:\/\/fanshop.equusarea.com\/es\/wp-json\/wp\/v2\/collection?post=31170"}],"curies":[{"name":"wp","href":"https:\/\/api.w.org\/{rel}","templated":true}]}}