{"id":31157,"date":"2021-11-26T16:32:50","date_gmt":"2021-11-26T14:32:50","guid":{"rendered":"https:\/\/fanshop.equusarea.com\/shop\/one-piece-swimsuit-y3216-1-2"},"modified":"2021-11-26T16:39:05","modified_gmt":"2021-11-26T14:39:05","slug":"one-piece-swimsuit-y3216-1","status":"publish","type":"product","link":"https:\/\/fanshop.equusarea.com\/es\/shop\/one-piece-swimsuit-y3216-1\/","title":{"rendered":"Traje de ba\u00f1o de una pieza"},"content":{"rendered":"<p>Este traje de ba\u00f1o de una pieza para todas las figuras resaltar\u00e1 tus mejores rasgos. Disfruta de su suave tejido y de su favorecedor dise\u00f1o, \u00a1y l\u00facelo en el mar o en la piscina!<\/p>\n<p>- 82% Poli\u00e9ster, 18% Spandex<br \/>\n- Peso del tejido: 6,78 oz\/yd\u00b2 (230 g\/m\u00b2), el peso puede variar por 5%<br \/>\n- Tejido resistente al cloro<br \/>\n- Ajuste descarado con escote redondo y espalda escotada<br \/>\n- Costura en zig-zag<br \/>\n- Frontal de doble capa <br \/>\n- El material el\u00e1stico en cuatro direcciones se estira y recupera en los granos transversales y longitudinales<\/p>","protected":false},"excerpt":{"rendered":"<p>This one-piece swimsuit for all figures will bring out your best features. Enjoy the smooth fabric and the flattering design, and show it off by the sea or pool! \u2022 82% Polyester, 18% Spandex \u2022 Fabric weight: 6.78 oz\/yd\u00b2 (230 g\/m\u00b2), weight may vary by 5% \u2022 Chlorine-resistant fabric \u2022 Cheeky fit with a scoop [&hellip;]<\/p>\n","protected":false},"featured_media":31167,"comment_status":"open","ping_status":"closed","template":"","meta":[],"product_brand":[],"product_cat":[238],"product_tag":[],"collection":[331,335],"class_list":{"0":"post-31157","1":"product","2":"type-product","3":"status-publish","4":"has-post-thumbnail","6":"product_cat-womens-clothing","7":"collection-equestrian-soul","8":"collection-equus-area","10":"first","11":"instock","12":"taxable","13":"shipping-taxable","14":"purchasable","15":"product-type-variable"},"_links":{"self":[{"href":"https:\/\/fanshop.equusarea.com\/es\/wp-json\/wp\/v2\/product\/31157","targetHints":{"allow":["GET"]}}],"collection":[{"href":"https:\/\/fanshop.equusarea.com\/es\/wp-json\/wp\/v2\/product"}],"about":[{"href":"https:\/\/fanshop.equusarea.com\/es\/wp-json\/wp\/v2\/types\/product"}],"replies":[{"embeddable":true,"href":"https:\/\/fanshop.equusarea.com\/es\/wp-json\/wp\/v2\/comments?post=31157"}],"wp:featuredmedia":[{"embeddable":true,"href":"https:\/\/fanshop.equusarea.com\/es\/wp-json\/wp\/v2\/media\/31167"}],"wp:attachment":[{"href":"https:\/\/fanshop.equusarea.com\/es\/wp-json\/wp\/v2\/media?parent=31157"}],"wp:term":[{"taxonomy":"product_brand","embeddable":true,"href":"https:\/\/fanshop.equusarea.com\/es\/wp-json\/wp\/v2\/product_brand?post=31157"},{"taxonomy":"product_cat","embeddable":true,"href":"https:\/\/fanshop.equusarea.com\/es\/wp-json\/wp\/v2\/product_cat?post=31157"},{"taxonomy":"product_tag","embeddable":true,"href":"https:\/\/fanshop.equusarea.com\/es\/wp-json\/wp\/v2\/product_tag?post=31157"},{"taxonomy":"collection","embeddable":true,"href":"https:\/\/fanshop.equusarea.com\/es\/wp-json\/wp\/v2\/collection?post=31157"}],"curies":[{"name":"wp","href":"https:\/\/api.w.org\/{rel}","templated":true}]}}