{"id":31076,"date":"2021-11-26T16:15:51","date_gmt":"2021-11-26T14:15:51","guid":{"rendered":"https:\/\/fanshop.equusarea.com\/shop\/toddler-short-sleeve-tee-x4215-12"},"modified":"2021-11-26T16:27:31","modified_gmt":"2021-11-26T14:27:31","slug":"toddler-short-sleeve-tee-x4215-12","status":"publish","type":"product","link":"https:\/\/fanshop.equusarea.com\/es\/shop\/toddler-short-sleeve-tee-x4215-12\/","title":{"rendered":"Camiseta de manga corta para ni\u00f1os peque\u00f1os"},"content":{"rendered":"<p>Deja que tu hijo haga lo que quiera mientras se siente s\u00faper c\u00f3modo y luce un estilo extra en esta camiseta de manga corta de algod\u00f3n 100% con un estampado \u00fanico. La camiseta es suave, duradera y se convertir\u00e1 en un elemento b\u00e1sico del armario de tu hijo. <\/p>\n<p>- 100% algod\u00f3n peinado e hilado en anillos<br \/>\n- Peso del tejido: 4,2 oz\/yd\u00b2 (142 g\/m\u00b2)<br \/>\n- Ajuste relajado para mayor comodidad<br \/>\n- Construcci\u00f3n con costuras laterales<br \/>\n- Tejido preencogido<\/p>","protected":false},"excerpt":{"rendered":"<p>Let your toddler do their thing while feeling super comfy and looking extra stylish in this short-sleeve jersey t-shirt from 100% cotton with a unique print. The tee is soft, durable, and bound to become the staple of your toddler&#8217;s wardrobe. \u2022 100% combed and ring-spun cotton \u2022 Fabric weight: 4.2 oz\/yd\u00b2 (142 g\/m\u00b2) \u2022 [&hellip;]<\/p>\n","protected":false},"featured_media":31095,"comment_status":"open","ping_status":"closed","template":"","meta":[],"product_brand":[],"product_cat":[239],"product_tag":[],"collection":[338,337],"class_list":{"0":"post-31076","1":"product","2":"type-product","3":"status-publish","4":"has-post-thumbnail","6":"product_cat-childrens-and-teenage-clothes","7":"collection-divinity","8":"collection-equestrian-family","10":"first","11":"instock","12":"taxable","13":"shipping-taxable","14":"purchasable","15":"product-type-variable"},"_links":{"self":[{"href":"https:\/\/fanshop.equusarea.com\/es\/wp-json\/wp\/v2\/product\/31076","targetHints":{"allow":["GET"]}}],"collection":[{"href":"https:\/\/fanshop.equusarea.com\/es\/wp-json\/wp\/v2\/product"}],"about":[{"href":"https:\/\/fanshop.equusarea.com\/es\/wp-json\/wp\/v2\/types\/product"}],"replies":[{"embeddable":true,"href":"https:\/\/fanshop.equusarea.com\/es\/wp-json\/wp\/v2\/comments?post=31076"}],"wp:featuredmedia":[{"embeddable":true,"href":"https:\/\/fanshop.equusarea.com\/es\/wp-json\/wp\/v2\/media\/31095"}],"wp:attachment":[{"href":"https:\/\/fanshop.equusarea.com\/es\/wp-json\/wp\/v2\/media?parent=31076"}],"wp:term":[{"taxonomy":"product_brand","embeddable":true,"href":"https:\/\/fanshop.equusarea.com\/es\/wp-json\/wp\/v2\/product_brand?post=31076"},{"taxonomy":"product_cat","embeddable":true,"href":"https:\/\/fanshop.equusarea.com\/es\/wp-json\/wp\/v2\/product_cat?post=31076"},{"taxonomy":"product_tag","embeddable":true,"href":"https:\/\/fanshop.equusarea.com\/es\/wp-json\/wp\/v2\/product_tag?post=31076"},{"taxonomy":"collection","embeddable":true,"href":"https:\/\/fanshop.equusarea.com\/es\/wp-json\/wp\/v2\/collection?post=31076"}],"curies":[{"name":"wp","href":"https:\/\/api.w.org\/{rel}","templated":true}]}}